{"id":1212,"date":"2025-10-29T11:56:33","date_gmt":"2025-10-29T11:56:33","guid":{"rendered":"https:\/\/drmariabruce.com\/?post_type=product&#038;p=1212"},"modified":"2025-12-03T19:14:20","modified_gmt":"2025-12-03T19:14:20","slug":"modulo-2-ensenar-resiliencia-a-traves-de-la-mentalidad-de-crecimiento","status":"publish","type":"product","link":"https:\/\/drmariabruce.com\/es\/producto\/modulo-2-ensenar-resiliencia-a-traves-de-la-mentalidad-de-crecimiento\/","title":{"rendered":"M\u00f3dulo 2: Ense\u00f1ar resiliencia a Trav\u00e9s de la Mentalidad de Crecimiento"},"content":{"rendered":"<p data-start=\"762\" data-end=\"1108\">La resiliencia es una de las habilidades m\u00e1s importantes en el deporte y en la vida. En este m\u00f3dulo, la psic\u00f3loga de alto rendimiento <strong data-start=\"892\" data-end=\"915\">Dra. Maria C. Bruce<\/strong> ense\u00f1a c\u00f3mo los ni\u00f1os interiorizan los mensajes de los adultos, c\u00f3mo se forma su di\u00e1logo interno y c\u00f3mo una mentalidad de crecimiento puede cambiar por completo su forma de afrontar los desaf\u00edos.<\/p>\n<p data-start=\"1110\" data-end=\"1389\">Este m\u00f3dulo ayuda a padres y entrenadores a sustituir la cr\u00edtica, la presi\u00f3n y las expectativas r\u00edgidas por un enfoque basado en el aprendizaje, la curiosidad y el progreso. El resultado: jugadores m\u00e1s seguros, valientes y preparados para recuperarse r\u00e1pidamente despu\u00e9s de un error.<\/p>\n<h1 data-start=\"1396\" data-end=\"1434\"><\/h1>\n<h4 data-start=\"1396\" data-end=\"1434\"><strong data-start=\"1401\" data-end=\"1434\">Qu\u00e9 aprender\u00e1s en este m\u00f3dulo<\/strong><\/h4>\n<h5 data-start=\"1436\" data-end=\"1504\"><strong data-start=\"1440\" data-end=\"1502\">- El impacto de las palabras en la confianza del jugador<\/strong><\/h5>\n<ul data-start=\"1505\" data-end=\"1653\">\n<li data-start=\"1505\" data-end=\"1546\">\n<p data-start=\"1507\" data-end=\"1546\">C\u00f3mo los ni\u00f1os interpretan la cr\u00edtica<\/p>\n<\/li>\n<li data-start=\"1547\" data-end=\"1584\">\n<p data-start=\"1549\" data-end=\"1584\">Qu\u00e9 frases generan miedo al error<\/p>\n<\/li>\n<li data-start=\"1585\" data-end=\"1653\">\n<p data-start=\"1587\" data-end=\"1653\">Por qu\u00e9 la comunicaci\u00f3n basada en el esfuerzo fortalece la autoestima<\/p>\n<\/li>\n<\/ul>\n<h5 data-start=\"1655\" data-end=\"1727\"><strong data-start=\"1659\" data-end=\"1725\">- C\u00f3mo convertir los errores en oportunidades de aprendizaje<\/strong><\/h5>\n<ul data-start=\"1728\" data-end=\"1883\">\n<li data-start=\"1728\" data-end=\"1782\">\n<p data-start=\"1730\" data-end=\"1782\">M\u00e9todos para disminuir la ansiedad por equivocarse<\/p>\n<\/li>\n<li data-start=\"1783\" data-end=\"1839\">\n<p data-start=\"1785\" data-end=\"1839\">C\u00f3mo ayudar a que el jugador tome riesgos saludables<\/p>\n<\/li>\n<li data-start=\"1840\" data-end=\"1883\">\n<p data-start=\"1842\" data-end=\"1883\">Estrategias para evitar la sobreexigencia<\/p>\n<\/li>\n<\/ul>\n<h5 data-start=\"1885\" data-end=\"1936\"><strong data-start=\"1889\" data-end=\"1934\">- Construir un di\u00e1logo interno positivo<\/strong><\/h5>\n<ul data-start=\"1937\" data-end=\"2112\">\n<li data-start=\"1937\" data-end=\"1978\">\n<p data-start=\"1939\" data-end=\"1978\">C\u00f3mo se forma la voz interna del ni\u00f1o<\/p>\n<\/li>\n<li data-start=\"1979\" data-end=\"2039\">\n<p data-start=\"1981\" data-end=\"2039\">Ejemplos de c\u00f3mo transformar la autocr\u00edtica en autoapoyo<\/p>\n<\/li>\n<li data-start=\"2040\" data-end=\"2112\">\n<p data-start=\"2042\" data-end=\"2112\">Actividades de reencuadre para practicar en casa o en el entrenamiento<\/p>\n<\/li>\n<\/ul>\n<h5 data-start=\"2114\" data-end=\"2153\"><strong data-start=\"2118\" data-end=\"2151\">- Ejemplos reales en cancha<\/strong><\/h5>\n<ul data-start=\"2154\" data-end=\"2369\">\n<li data-start=\"2154\" data-end=\"2208\">\n<p data-start=\"2156\" data-end=\"2208\">Jugadores que dejaron de rendirse por miedo a fallar<\/p>\n<\/li>\n<li data-start=\"2209\" data-end=\"2277\">\n<p data-start=\"2211\" data-end=\"2277\">Padres bien intencionados que generaban presi\u00f3n sin darse cuenta<\/p>\n<\/li>\n<li data-start=\"2278\" data-end=\"2369\">\n<p data-start=\"2280\" data-end=\"2369\">Entrenadores que reconstruyeron la confianza de sus equipos con mentalidad de crecimiento<\/p>\n<\/li>\n<\/ul>\n<h5 data-start=\"2371\" data-end=\"2431\"><strong data-start=\"2375\" data-end=\"2429\">- Ejercicios pr\u00e1cticos para aplicar de inmediato<\/strong><\/h5>\n<ul data-start=\"2432\" data-end=\"2562\">\n<li data-start=\"2432\" data-end=\"2468\">\n<p data-start=\"2434\" data-end=\"2468\">Actividad \u201cReencuadrar el error\u201d<\/p>\n<\/li>\n<li data-start=\"2469\" data-end=\"2510\">\n<p data-start=\"2471\" data-end=\"2510\">Role-play de di\u00e1logo interno positivo<\/p>\n<\/li>\n<li data-start=\"2511\" data-end=\"2562\">\n<p data-start=\"2513\" data-end=\"2562\">Preguntas para reflexionar despu\u00e9s del partido<\/p>\n<\/li>\n<\/ul>\n<h1 data-start=\"2569\" data-end=\"2606\"><\/h1>\n<h4 data-start=\"2569\" data-end=\"2606\"><strong data-start=\"2574\" data-end=\"2606\">Por qu\u00e9 funciona este m\u00f3dulo<\/strong><\/h4>\n<ul data-start=\"2607\" data-end=\"2895\">\n<li data-start=\"2607\" data-end=\"2657\">\n<p data-start=\"2609\" data-end=\"2657\">Disminuye la ansiedad y el miedo a decepcionar<\/p>\n<\/li>\n<li data-start=\"2658\" data-end=\"2720\">\n<p data-start=\"2660\" data-end=\"2720\">Aumenta la confianza y la resiliencia durante los partidos<\/p>\n<\/li>\n<li data-start=\"2721\" data-end=\"2780\">\n<p data-start=\"2723\" data-end=\"2780\">Ayuda a los jugadores a tolerar el error sin bloquearse<\/p>\n<\/li>\n<li data-start=\"2781\" data-end=\"2838\">\n<p data-start=\"2783\" data-end=\"2838\">Refuerza la motivaci\u00f3n interna y el amor por el juego<\/p>\n<\/li>\n<li data-start=\"2839\" data-end=\"2895\">\n<p data-start=\"2841\" data-end=\"2895\">Basado en evidencia de psicolog\u00eda deportiva infantil<\/p>\n<\/li>\n<\/ul>\n<h1 data-start=\"2902\" data-end=\"2921\"><\/h1>\n<h4 data-start=\"2902\" data-end=\"2921\"><strong data-start=\"2907\" data-end=\"2921\">Ideal para<\/strong><\/h4>\n<ul data-start=\"2922\" data-end=\"3173\">\n<li data-start=\"2922\" data-end=\"2973\">\n<p data-start=\"2924\" data-end=\"2973\">Padres que desean acompa\u00f1ar sin generar presi\u00f3n<\/p>\n<\/li>\n<li data-start=\"2974\" data-end=\"3038\">\n<p data-start=\"2976\" data-end=\"3038\">Entrenadores que buscan mejorar la motivaci\u00f3n de sus equipos<\/p>\n<\/li>\n<li data-start=\"3039\" data-end=\"3099\">\n<p data-start=\"3041\" data-end=\"3099\">Jugadores que se frustran f\u00e1cilmente o temen equivocarse<\/p>\n<\/li>\n<li data-start=\"3100\" data-end=\"3173\">\n<p data-start=\"3102\" data-end=\"3173\">Clubes y academias que trabajan en el desarrollo integral del jugador<\/p>\n<\/li>\n<\/ul>","protected":false},"excerpt":{"rendered":"<p>Aprend\u00e9 a transformar los errores en oportunidades de crecimiento. Este m\u00f3dulo ense\u00f1a a padres y entrenadores a construir resiliencia, reforzar la confianza y guiar a los j\u00f3venes futbolistas con una mentalidad de crecimiento.<\/p>","protected":false},"featured_media":2314,"comment_status":"open","ping_status":"closed","template":"","meta":[],"product_brand":[],"product_cat":[238],"product_tag":[165,189,187,133,160,79,149,161,137,162,163,186,114,151,139,185,148,146,188,152,190],"class_list":{"0":"post-1212","1":"product","2":"type-product","3":"status-publish","4":"has-post-thumbnail","6":"product_cat-videos-espanol","7":"product_tag-ansiedad-competitiva","8":"product_tag-coaching-emocional","9":"product_tag-comunicacion-positiva","10":"product_tag-confianza-deportiva","11":"product_tag-desarrollo-juvenil","12":"product_tag-dr-maria-bruce","13":"product_tag-entrenadores-de-futbol","14":"product_tag-futbol-formativo","15":"product_tag-futbol-juvenil","16":"product_tag-herramientas-para-entrenadores","17":"product_tag-herramientas-para-padres","18":"product_tag-manejo-del-error","19":"product_tag-mental-skills","20":"product_tag-mentalidad-de-crecimiento","21":"product_tag-mindset-deportivo","22":"product_tag-motivacion-interna","23":"product_tag-padres-de-futbolistas","24":"product_tag-psicologia-del-deporte","25":"product_tag-rendimiento-emocional","26":"product_tag-resiliencia-deportiva","27":"product_tag-resiliencia-en-jovenes-deportistas","29":"first","30":"instock","31":"shipping-taxable","32":"purchasable","33":"product-type-variable"},"yoast_head":"<!-- This site is optimized with the Yoast SEO plugin v27.4 - https:\/\/yoast.com\/product\/yoast-seo-wordpress\/ -->\n<title>M\u00f3dulo de video motivacional | Para padres y entrenadores<\/title>\n<meta name=\"description\" content=\"M\u00f3dulo de video motivacional con herramientas para padres y entrenadores que desean apoyar a j\u00f3venes deportistas y manejar emociones sin presi\u00f3n.\" \/>\n<meta name=\"robots\" content=\"index, follow, max-snippet:-1, max-image-preview:large, max-video-preview:-1\" \/>\n<link rel=\"canonical\" href=\"https:\/\/drmariabruce.com\/es\/producto\/modulo-2-ensenar-resiliencia-a-traves-de-la-mentalidad-de-crecimiento\/\" \/>\n<meta property=\"og:locale\" content=\"es_ES\" \/>\n<meta property=\"og:type\" content=\"article\" \/>\n<meta property=\"og:title\" content=\"M\u00f3dulo de video motivacional | Para padres y entrenadores\" \/>\n<meta property=\"og:description\" content=\"M\u00f3dulo de video motivacional con herramientas para padres y entrenadores que desean apoyar a j\u00f3venes deportistas y manejar emociones sin presi\u00f3n.\" \/>\n<meta property=\"og:url\" content=\"https:\/\/drmariabruce.com\/es\/producto\/modulo-2-ensenar-resiliencia-a-traves-de-la-mentalidad-de-crecimiento\/\" \/>\n<meta property=\"og:site_name\" content=\"Dr. MARIA BRUCE\" \/>\n<meta property=\"article:modified_time\" content=\"2025-12-03T19:14:20+00:00\" \/>\n<meta property=\"og:image\" content=\"https:\/\/drmariabruce.com\/wp-content\/uploads\/2025\/09\/video-icons.webp\" \/>\n\t<meta property=\"og:image:width\" content=\"1024\" \/>\n\t<meta property=\"og:image:height\" content=\"1024\" \/>\n\t<meta property=\"og:image:type\" content=\"image\/webp\" \/>\n<meta name=\"twitter:card\" content=\"summary_large_image\" \/>\n<meta name=\"twitter:label1\" content=\"Tiempo de lectura\" \/>\n\t<meta name=\"twitter:data1\" content=\"2 minutos\" \/>\n<script type=\"application\/ld+json\" class=\"yoast-schema-graph\">{\"@context\":\"https:\\\/\\\/schema.org\",\"@graph\":[{\"@type\":\"WebPage\",\"@id\":\"https:\\\/\\\/drmariabruce.com\\\/product\\\/modulo-2-ensenar-resiliencia-a-traves-de-la-mentalidad-de-crecimiento\\\/\",\"url\":\"https:\\\/\\\/drmariabruce.com\\\/product\\\/modulo-2-ensenar-resiliencia-a-traves-de-la-mentalidad-de-crecimiento\\\/\",\"name\":\"M\u00f3dulo de video motivacional | Para padres y entrenadores\",\"isPartOf\":{\"@id\":\"https:\\\/\\\/drmariabruce.com\\\/#website\"},\"primaryImageOfPage\":{\"@id\":\"https:\\\/\\\/drmariabruce.com\\\/product\\\/modulo-2-ensenar-resiliencia-a-traves-de-la-mentalidad-de-crecimiento\\\/#primaryimage\"},\"image\":{\"@id\":\"https:\\\/\\\/drmariabruce.com\\\/product\\\/modulo-2-ensenar-resiliencia-a-traves-de-la-mentalidad-de-crecimiento\\\/#primaryimage\"},\"thumbnailUrl\":\"https:\\\/\\\/drmariabruce.com\\\/wp-content\\\/uploads\\\/2025\\\/09\\\/video-icons.webp\",\"datePublished\":\"2025-10-29T11:56:33+00:00\",\"dateModified\":\"2025-12-03T19:14:20+00:00\",\"description\":\"M\u00f3dulo de video motivacional con herramientas para padres y entrenadores que desean apoyar a j\u00f3venes deportistas y manejar emociones sin presi\u00f3n.\",\"breadcrumb\":{\"@id\":\"https:\\\/\\\/drmariabruce.com\\\/product\\\/modulo-2-ensenar-resiliencia-a-traves-de-la-mentalidad-de-crecimiento\\\/#breadcrumb\"},\"inLanguage\":\"es\",\"potentialAction\":[{\"@type\":\"ReadAction\",\"target\":[\"https:\\\/\\\/drmariabruce.com\\\/product\\\/modulo-2-ensenar-resiliencia-a-traves-de-la-mentalidad-de-crecimiento\\\/\"]}]},{\"@type\":\"ImageObject\",\"inLanguage\":\"es\",\"@id\":\"https:\\\/\\\/drmariabruce.com\\\/product\\\/modulo-2-ensenar-resiliencia-a-traves-de-la-mentalidad-de-crecimiento\\\/#primaryimage\",\"url\":\"https:\\\/\\\/drmariabruce.com\\\/wp-content\\\/uploads\\\/2025\\\/09\\\/video-icons.webp\",\"contentUrl\":\"https:\\\/\\\/drmariabruce.com\\\/wp-content\\\/uploads\\\/2025\\\/09\\\/video-icons.webp\",\"width\":1024,\"height\":1024},{\"@type\":\"BreadcrumbList\",\"@id\":\"https:\\\/\\\/drmariabruce.com\\\/product\\\/modulo-2-ensenar-resiliencia-a-traves-de-la-mentalidad-de-crecimiento\\\/#breadcrumb\",\"itemListElement\":[{\"@type\":\"ListItem\",\"position\":1,\"name\":\"Home\",\"item\":\"https:\\\/\\\/drmariabruce.com\\\/\"},{\"@type\":\"ListItem\",\"position\":2,\"name\":\"Shop\",\"item\":\"https:\\\/\\\/drmariabruce.com\\\/shop\\\/\"},{\"@type\":\"ListItem\",\"position\":3,\"name\":\"M\u00f3dulo 2: Ense\u00f1ar resiliencia a Trav\u00e9s de la Mentalidad de Crecimiento\"}]},{\"@type\":\"WebSite\",\"@id\":\"https:\\\/\\\/drmariabruce.com\\\/#website\",\"url\":\"https:\\\/\\\/drmariabruce.com\\\/\",\"name\":\"Dr. MARIA BRUCE\",\"description\":\"\",\"publisher\":{\"@id\":\"https:\\\/\\\/drmariabruce.com\\\/#organization\"},\"potentialAction\":[{\"@type\":\"SearchAction\",\"target\":{\"@type\":\"EntryPoint\",\"urlTemplate\":\"https:\\\/\\\/drmariabruce.com\\\/?s={search_term_string}\"},\"query-input\":{\"@type\":\"PropertyValueSpecification\",\"valueRequired\":true,\"valueName\":\"search_term_string\"}}],\"inLanguage\":\"es\"},{\"@type\":\"Organization\",\"@id\":\"https:\\\/\\\/drmariabruce.com\\\/#organization\",\"name\":\"Dr. MARIA BRUCE\",\"url\":\"https:\\\/\\\/drmariabruce.com\\\/\",\"logo\":{\"@type\":\"ImageObject\",\"inLanguage\":\"es\",\"@id\":\"https:\\\/\\\/drmariabruce.com\\\/#\\\/schema\\\/logo\\\/image\\\/\",\"url\":\"https:\\\/\\\/drmariabruce.com\\\/wp-content\\\/uploads\\\/2025\\\/09\\\/MariaBruce.svg\",\"contentUrl\":\"https:\\\/\\\/drmariabruce.com\\\/wp-content\\\/uploads\\\/2025\\\/09\\\/MariaBruce.svg\",\"width\":106,\"height\":17,\"caption\":\"Dr. MARIA BRUCE\"},\"image\":{\"@id\":\"https:\\\/\\\/drmariabruce.com\\\/#\\\/schema\\\/logo\\\/image\\\/\"}}]}<\/script>\n<!-- \/ Yoast SEO plugin. -->","yoast_head_json":{"title":"M\u00f3dulo de video motivacional | Para padres y entrenadores","description":"M\u00f3dulo de video motivacional con herramientas para padres y entrenadores que desean apoyar a j\u00f3venes deportistas y manejar emociones sin presi\u00f3n.","robots":{"index":"index","follow":"follow","max-snippet":"max-snippet:-1","max-image-preview":"max-image-preview:large","max-video-preview":"max-video-preview:-1"},"canonical":"https:\/\/drmariabruce.com\/es\/producto\/modulo-2-ensenar-resiliencia-a-traves-de-la-mentalidad-de-crecimiento\/","og_locale":"es_ES","og_type":"article","og_title":"M\u00f3dulo de video motivacional | Para padres y entrenadores","og_description":"M\u00f3dulo de video motivacional con herramientas para padres y entrenadores que desean apoyar a j\u00f3venes deportistas y manejar emociones sin presi\u00f3n.","og_url":"https:\/\/drmariabruce.com\/es\/producto\/modulo-2-ensenar-resiliencia-a-traves-de-la-mentalidad-de-crecimiento\/","og_site_name":"Dr. MARIA BRUCE","article_modified_time":"2025-12-03T19:14:20+00:00","og_image":[{"width":1024,"height":1024,"url":"https:\/\/drmariabruce.com\/wp-content\/uploads\/2025\/09\/video-icons.webp","type":"image\/webp"}],"twitter_card":"summary_large_image","twitter_misc":{"Tiempo de lectura":"2 minutos"},"schema":{"@context":"https:\/\/schema.org","@graph":[{"@type":"WebPage","@id":"https:\/\/drmariabruce.com\/product\/modulo-2-ensenar-resiliencia-a-traves-de-la-mentalidad-de-crecimiento\/","url":"https:\/\/drmariabruce.com\/product\/modulo-2-ensenar-resiliencia-a-traves-de-la-mentalidad-de-crecimiento\/","name":"M\u00f3dulo de video motivacional | Para padres y entrenadores","isPartOf":{"@id":"https:\/\/drmariabruce.com\/#website"},"primaryImageOfPage":{"@id":"https:\/\/drmariabruce.com\/product\/modulo-2-ensenar-resiliencia-a-traves-de-la-mentalidad-de-crecimiento\/#primaryimage"},"image":{"@id":"https:\/\/drmariabruce.com\/product\/modulo-2-ensenar-resiliencia-a-traves-de-la-mentalidad-de-crecimiento\/#primaryimage"},"thumbnailUrl":"https:\/\/drmariabruce.com\/wp-content\/uploads\/2025\/09\/video-icons.webp","datePublished":"2025-10-29T11:56:33+00:00","dateModified":"2025-12-03T19:14:20+00:00","description":"M\u00f3dulo de video motivacional con herramientas para padres y entrenadores que desean apoyar a j\u00f3venes deportistas y manejar emociones sin presi\u00f3n.","breadcrumb":{"@id":"https:\/\/drmariabruce.com\/product\/modulo-2-ensenar-resiliencia-a-traves-de-la-mentalidad-de-crecimiento\/#breadcrumb"},"inLanguage":"es","potentialAction":[{"@type":"ReadAction","target":["https:\/\/drmariabruce.com\/product\/modulo-2-ensenar-resiliencia-a-traves-de-la-mentalidad-de-crecimiento\/"]}]},{"@type":"ImageObject","inLanguage":"es","@id":"https:\/\/drmariabruce.com\/product\/modulo-2-ensenar-resiliencia-a-traves-de-la-mentalidad-de-crecimiento\/#primaryimage","url":"https:\/\/drmariabruce.com\/wp-content\/uploads\/2025\/09\/video-icons.webp","contentUrl":"https:\/\/drmariabruce.com\/wp-content\/uploads\/2025\/09\/video-icons.webp","width":1024,"height":1024},{"@type":"BreadcrumbList","@id":"https:\/\/drmariabruce.com\/product\/modulo-2-ensenar-resiliencia-a-traves-de-la-mentalidad-de-crecimiento\/#breadcrumb","itemListElement":[{"@type":"ListItem","position":1,"name":"Home","item":"https:\/\/drmariabruce.com\/"},{"@type":"ListItem","position":2,"name":"Shop","item":"https:\/\/drmariabruce.com\/shop\/"},{"@type":"ListItem","position":3,"name":"M\u00f3dulo 2: Ense\u00f1ar resiliencia a Trav\u00e9s de la Mentalidad de Crecimiento"}]},{"@type":"WebSite","@id":"https:\/\/drmariabruce.com\/#website","url":"https:\/\/drmariabruce.com\/","name":"Dra. MARIA BRUCE","description":"","publisher":{"@id":"https:\/\/drmariabruce.com\/#organization"},"potentialAction":[{"@type":"SearchAction","target":{"@type":"EntryPoint","urlTemplate":"https:\/\/drmariabruce.com\/?s={search_term_string}"},"query-input":{"@type":"PropertyValueSpecification","valueRequired":true,"valueName":"search_term_string"}}],"inLanguage":"es"},{"@type":"Organization","@id":"https:\/\/drmariabruce.com\/#organization","name":"Dra. MARIA BRUCE","url":"https:\/\/drmariabruce.com\/","logo":{"@type":"ImageObject","inLanguage":"es","@id":"https:\/\/drmariabruce.com\/#\/schema\/logo\/image\/","url":"https:\/\/drmariabruce.com\/wp-content\/uploads\/2025\/09\/MariaBruce.svg","contentUrl":"https:\/\/drmariabruce.com\/wp-content\/uploads\/2025\/09\/MariaBruce.svg","width":106,"height":17,"caption":"Dr. MARIA BRUCE"},"image":{"@id":"https:\/\/drmariabruce.com\/#\/schema\/logo\/image\/"}}]}},"_links":{"self":[{"href":"https:\/\/drmariabruce.com\/es\/wp-json\/wp\/v2\/product\/1212","targetHints":{"allow":["GET"]}}],"collection":[{"href":"https:\/\/drmariabruce.com\/es\/wp-json\/wp\/v2\/product"}],"about":[{"href":"https:\/\/drmariabruce.com\/es\/wp-json\/wp\/v2\/types\/product"}],"replies":[{"embeddable":true,"href":"https:\/\/drmariabruce.com\/es\/wp-json\/wp\/v2\/comments?post=1212"}],"wp:featuredmedia":[{"embeddable":true,"href":"https:\/\/drmariabruce.com\/es\/wp-json\/wp\/v2\/media\/2314"}],"wp:attachment":[{"href":"https:\/\/drmariabruce.com\/es\/wp-json\/wp\/v2\/media?parent=1212"}],"wp:term":[{"taxonomy":"product_brand","embeddable":true,"href":"https:\/\/drmariabruce.com\/es\/wp-json\/wp\/v2\/product_brand?post=1212"},{"taxonomy":"product_cat","embeddable":true,"href":"https:\/\/drmariabruce.com\/es\/wp-json\/wp\/v2\/product_cat?post=1212"},{"taxonomy":"product_tag","embeddable":true,"href":"https:\/\/drmariabruce.com\/es\/wp-json\/wp\/v2\/product_tag?post=1212"}],"curies":[{"name":"wp","href":"https:\/\/api.w.org\/{rel}","templated":true}]}}