{"id":2295,"date":"2025-11-23T19:42:36","date_gmt":"2025-11-23T19:42:36","guid":{"rendered":"https:\/\/drmariabruce.com\/?post_type=product&#038;p=2295"},"modified":"2025-11-23T19:42:38","modified_gmt":"2025-11-23T19:42:38","slug":"mental-training-for-performing-arts","status":"publish","type":"product","link":"https:\/\/drmariabruce.com\/es\/producto\/mental-training-for-performing-arts\/","title":{"rendered":"Entrenamiento mental para las artes esc\u00e9nicas"},"content":{"rendered":"<p data-start=\"350\" data-end=\"709\"><strong data-start=\"350\" data-end=\"381\">Entrenamiento mental para las artes esc\u00e9nicas<\/strong>\u00a0es una gu\u00eda pr\u00e1ctica para artistas j\u00f3venes y adultos que desean reforzar la concentraci\u00f3n, la confianza, la regulaci\u00f3n emocional y la presencia esc\u00e9nica. Mediante herramientas claras y ejercicios sencillos, este libro ense\u00f1a a gestionar los nervios previos a una actuaci\u00f3n, transformar la autocr\u00edtica, superar los bloqueos creativos y mantener la motivaci\u00f3n incluso bajo presi\u00f3n.<\/p>\n<p data-start=\"711\" data-end=\"979\">Tambi\u00e9n ofrece estrategias concretas para <strong data-start=\"752\" data-end=\"795\">padres, profesores y entrenadores art\u00edsticos<\/strong>, Los profesionales de la interpretaci\u00f3n deben ser capaces de ayudar a los artistas sin a\u00f1adirles estr\u00e9s, comunicarse de forma constructiva y comprender las necesidades emocionales de los int\u00e9rpretes m\u00e1s sensibles, perfeccionistas o autoexigentes.<\/p>\n<p data-start=\"981\" data-end=\"1197\">Tanto si eres bailar\u00edn, m\u00fasico, actor, cantante o artista visual, esta gu\u00eda te ofrece un completo marco mental que te ayudar\u00e1 a sentirte con los pies en la tierra, m\u00e1s seguro de ti mismo y con mayor capacidad de recuperaci\u00f3n creativa a lo largo de todo tu proceso art\u00edstico.<\/p>\n<p data-start=\"1199\" data-end=\"1270\">PR\u00d3XIMAMENTE<\/p>","protected":false},"excerpt":{"rendered":"<p>Mental Training for Performing Arts\u00a0is a practical guide for young and adult artists who want to strengthen focus, confidence, emotional regulation, and stage presence. Through clear tools and simple exercises, this book teaches how to manage pre-performance nerves, transform self-criticism, overcome creative blocks, and maintain motivation even under pressure. It also provides concrete strategies for [&hellip;]<\/p>\n","protected":false},"featured_media":2297,"comment_status":"open","ping_status":"closed","template":"","meta":[],"product_brand":[],"product_cat":[27],"product_tag":[427,425,420,424,421,429,422,426,78,423,428],"class_list":{"0":"post-2295","1":"product","2":"type-product","3":"status-publish","4":"has-post-thumbnail","6":"product_cat-books","7":"product_tag-artistic-coaching","8":"product_tag-artistic-wellbeing","9":"product_tag-artists-mindset","10":"product_tag-creative-blocks","11":"product_tag-creative-confidence","12":"product_tag-creativity-tools","13":"product_tag-emotional-regulation-for-artists","14":"product_tag-parents-and-teachers","15":"product_tag-performance-psychology","16":"product_tag-stage-presence","17":"product_tag-youth-performers","19":"first","20":"instock","21":"shipping-taxable","22":"product-type-external"},"yoast_head":"<!-- This site is optimized with the Yoast SEO plugin v27.4 - https:\/\/yoast.com\/product\/yoast-seo-wordpress\/ -->\n<title>Mental Training for Performing Arts Confidence &amp; Focus<\/title>\n<meta name=\"description\" content=\"Mental Training for Performing Arts helps build focus, confidence, and emotional regulation for performers, with tools for parents, teachers, and coaches.\" \/>\n<meta name=\"robots\" content=\"index, follow, max-snippet:-1, max-image-preview:large, max-video-preview:-1\" \/>\n<link rel=\"canonical\" href=\"https:\/\/drmariabruce.com\/es\/producto\/mental-training-for-performing-arts\/\" \/>\n<meta property=\"og:locale\" content=\"es_ES\" \/>\n<meta property=\"og:type\" content=\"article\" \/>\n<meta property=\"og:title\" content=\"Mental Training for Performing Arts Confidence &amp; Focus\" \/>\n<meta property=\"og:description\" content=\"Mental Training for Performing Arts helps build focus, confidence, and emotional regulation for performers, with tools for parents, teachers, and coaches.\" \/>\n<meta property=\"og:url\" content=\"https:\/\/drmariabruce.com\/es\/producto\/mental-training-for-performing-arts\/\" \/>\n<meta property=\"og:site_name\" content=\"Dr. MARIA BRUCE\" \/>\n<meta property=\"article:modified_time\" content=\"2025-11-23T19:42:38+00:00\" \/>\n<meta property=\"og:image\" content=\"https:\/\/drmariabruce.com\/wp-content\/uploads\/2025\/11\/BOOKS_single_arts_ENG.png\" \/>\n\t<meta property=\"og:image:width\" content=\"1024\" \/>\n\t<meta property=\"og:image:height\" content=\"1024\" \/>\n\t<meta property=\"og:image:type\" content=\"image\/png\" \/>\n<meta name=\"twitter:card\" content=\"summary_large_image\" \/>\n<meta name=\"twitter:label1\" content=\"Tiempo de lectura\" \/>\n\t<meta name=\"twitter:data1\" content=\"1 minuto\" \/>\n<script type=\"application\/ld+json\" class=\"yoast-schema-graph\">{\"@context\":\"https:\\\/\\\/schema.org\",\"@graph\":[{\"@type\":\"WebPage\",\"@id\":\"https:\\\/\\\/drmariabruce.com\\\/product\\\/mental-training-for-performing-arts\\\/\",\"url\":\"https:\\\/\\\/drmariabruce.com\\\/product\\\/mental-training-for-performing-arts\\\/\",\"name\":\"Mental Training for Performing Arts Confidence & Focus\",\"isPartOf\":{\"@id\":\"https:\\\/\\\/drmariabruce.com\\\/#website\"},\"primaryImageOfPage\":{\"@id\":\"https:\\\/\\\/drmariabruce.com\\\/product\\\/mental-training-for-performing-arts\\\/#primaryimage\"},\"image\":{\"@id\":\"https:\\\/\\\/drmariabruce.com\\\/product\\\/mental-training-for-performing-arts\\\/#primaryimage\"},\"thumbnailUrl\":\"https:\\\/\\\/drmariabruce.com\\\/wp-content\\\/uploads\\\/2025\\\/11\\\/BOOKS_single_arts_ENG.webp\",\"datePublished\":\"2025-11-23T19:42:36+00:00\",\"dateModified\":\"2025-11-23T19:42:38+00:00\",\"description\":\"Mental Training for Performing Arts helps build focus, confidence, and emotional regulation for performers, with tools for parents, teachers, and coaches.\",\"breadcrumb\":{\"@id\":\"https:\\\/\\\/drmariabruce.com\\\/product\\\/mental-training-for-performing-arts\\\/#breadcrumb\"},\"inLanguage\":\"es\",\"potentialAction\":[{\"@type\":\"ReadAction\",\"target\":[\"https:\\\/\\\/drmariabruce.com\\\/product\\\/mental-training-for-performing-arts\\\/\"]}]},{\"@type\":\"ImageObject\",\"inLanguage\":\"es\",\"@id\":\"https:\\\/\\\/drmariabruce.com\\\/product\\\/mental-training-for-performing-arts\\\/#primaryimage\",\"url\":\"https:\\\/\\\/drmariabruce.com\\\/wp-content\\\/uploads\\\/2025\\\/11\\\/BOOKS_single_arts_ENG.webp\",\"contentUrl\":\"https:\\\/\\\/drmariabruce.com\\\/wp-content\\\/uploads\\\/2025\\\/11\\\/BOOKS_single_arts_ENG.webp\",\"width\":1024,\"height\":1024},{\"@type\":\"BreadcrumbList\",\"@id\":\"https:\\\/\\\/drmariabruce.com\\\/product\\\/mental-training-for-performing-arts\\\/#breadcrumb\",\"itemListElement\":[{\"@type\":\"ListItem\",\"position\":1,\"name\":\"Home\",\"item\":\"https:\\\/\\\/drmariabruce.com\\\/\"},{\"@type\":\"ListItem\",\"position\":2,\"name\":\"Shop\",\"item\":\"https:\\\/\\\/drmariabruce.com\\\/shop\\\/\"},{\"@type\":\"ListItem\",\"position\":3,\"name\":\"Mental Training For Performing Arts\"}]},{\"@type\":\"WebSite\",\"@id\":\"https:\\\/\\\/drmariabruce.com\\\/#website\",\"url\":\"https:\\\/\\\/drmariabruce.com\\\/\",\"name\":\"Dr. MARIA BRUCE\",\"description\":\"\",\"publisher\":{\"@id\":\"https:\\\/\\\/drmariabruce.com\\\/#organization\"},\"potentialAction\":[{\"@type\":\"SearchAction\",\"target\":{\"@type\":\"EntryPoint\",\"urlTemplate\":\"https:\\\/\\\/drmariabruce.com\\\/?s={search_term_string}\"},\"query-input\":{\"@type\":\"PropertyValueSpecification\",\"valueRequired\":true,\"valueName\":\"search_term_string\"}}],\"inLanguage\":\"es\"},{\"@type\":\"Organization\",\"@id\":\"https:\\\/\\\/drmariabruce.com\\\/#organization\",\"name\":\"Dr. MARIA BRUCE\",\"url\":\"https:\\\/\\\/drmariabruce.com\\\/\",\"logo\":{\"@type\":\"ImageObject\",\"inLanguage\":\"es\",\"@id\":\"https:\\\/\\\/drmariabruce.com\\\/#\\\/schema\\\/logo\\\/image\\\/\",\"url\":\"https:\\\/\\\/drmariabruce.com\\\/wp-content\\\/uploads\\\/2025\\\/09\\\/MariaBruce.svg\",\"contentUrl\":\"https:\\\/\\\/drmariabruce.com\\\/wp-content\\\/uploads\\\/2025\\\/09\\\/MariaBruce.svg\",\"width\":106,\"height\":17,\"caption\":\"Dr. MARIA BRUCE\"},\"image\":{\"@id\":\"https:\\\/\\\/drmariabruce.com\\\/#\\\/schema\\\/logo\\\/image\\\/\"}}]}<\/script>\n<!-- \/ Yoast SEO plugin. -->","yoast_head_json":{"title":"Mental Training for Performing Arts Confidence & Focus","description":"Mental Training for Performing Arts helps build focus, confidence, and emotional regulation for performers, with tools for parents, teachers, and coaches.","robots":{"index":"index","follow":"follow","max-snippet":"max-snippet:-1","max-image-preview":"max-image-preview:large","max-video-preview":"max-video-preview:-1"},"canonical":"https:\/\/drmariabruce.com\/es\/producto\/mental-training-for-performing-arts\/","og_locale":"es_ES","og_type":"article","og_title":"Mental Training for Performing Arts Confidence & Focus","og_description":"Mental Training for Performing Arts helps build focus, confidence, and emotional regulation for performers, with tools for parents, teachers, and coaches.","og_url":"https:\/\/drmariabruce.com\/es\/producto\/mental-training-for-performing-arts\/","og_site_name":"Dr. MARIA BRUCE","article_modified_time":"2025-11-23T19:42:38+00:00","og_image":[{"width":1024,"height":1024,"url":"https:\/\/drmariabruce.com\/wp-content\/uploads\/2025\/11\/BOOKS_single_arts_ENG.png","type":"image\/png"}],"twitter_card":"summary_large_image","twitter_misc":{"Tiempo de lectura":"1 minuto"},"schema":{"@context":"https:\/\/schema.org","@graph":[{"@type":"WebPage","@id":"https:\/\/drmariabruce.com\/product\/mental-training-for-performing-arts\/","url":"https:\/\/drmariabruce.com\/product\/mental-training-for-performing-arts\/","name":"Mental Training for Performing Arts Confidence & Focus","isPartOf":{"@id":"https:\/\/drmariabruce.com\/#website"},"primaryImageOfPage":{"@id":"https:\/\/drmariabruce.com\/product\/mental-training-for-performing-arts\/#primaryimage"},"image":{"@id":"https:\/\/drmariabruce.com\/product\/mental-training-for-performing-arts\/#primaryimage"},"thumbnailUrl":"https:\/\/drmariabruce.com\/wp-content\/uploads\/2025\/11\/BOOKS_single_arts_ENG.webp","datePublished":"2025-11-23T19:42:36+00:00","dateModified":"2025-11-23T19:42:38+00:00","description":"Mental Training for Performing Arts helps build focus, confidence, and emotional regulation for performers, with tools for parents, teachers, and coaches.","breadcrumb":{"@id":"https:\/\/drmariabruce.com\/product\/mental-training-for-performing-arts\/#breadcrumb"},"inLanguage":"es","potentialAction":[{"@type":"ReadAction","target":["https:\/\/drmariabruce.com\/product\/mental-training-for-performing-arts\/"]}]},{"@type":"ImageObject","inLanguage":"es","@id":"https:\/\/drmariabruce.com\/product\/mental-training-for-performing-arts\/#primaryimage","url":"https:\/\/drmariabruce.com\/wp-content\/uploads\/2025\/11\/BOOKS_single_arts_ENG.webp","contentUrl":"https:\/\/drmariabruce.com\/wp-content\/uploads\/2025\/11\/BOOKS_single_arts_ENG.webp","width":1024,"height":1024},{"@type":"BreadcrumbList","@id":"https:\/\/drmariabruce.com\/product\/mental-training-for-performing-arts\/#breadcrumb","itemListElement":[{"@type":"ListItem","position":1,"name":"Home","item":"https:\/\/drmariabruce.com\/"},{"@type":"ListItem","position":2,"name":"Shop","item":"https:\/\/drmariabruce.com\/shop\/"},{"@type":"ListItem","position":3,"name":"Mental Training For Performing Arts"}]},{"@type":"WebSite","@id":"https:\/\/drmariabruce.com\/#website","url":"https:\/\/drmariabruce.com\/","name":"Dra. MARIA BRUCE","description":"","publisher":{"@id":"https:\/\/drmariabruce.com\/#organization"},"potentialAction":[{"@type":"SearchAction","target":{"@type":"EntryPoint","urlTemplate":"https:\/\/drmariabruce.com\/?s={search_term_string}"},"query-input":{"@type":"PropertyValueSpecification","valueRequired":true,"valueName":"search_term_string"}}],"inLanguage":"es"},{"@type":"Organization","@id":"https:\/\/drmariabruce.com\/#organization","name":"Dra. MARIA BRUCE","url":"https:\/\/drmariabruce.com\/","logo":{"@type":"ImageObject","inLanguage":"es","@id":"https:\/\/drmariabruce.com\/#\/schema\/logo\/image\/","url":"https:\/\/drmariabruce.com\/wp-content\/uploads\/2025\/09\/MariaBruce.svg","contentUrl":"https:\/\/drmariabruce.com\/wp-content\/uploads\/2025\/09\/MariaBruce.svg","width":106,"height":17,"caption":"Dr. MARIA BRUCE"},"image":{"@id":"https:\/\/drmariabruce.com\/#\/schema\/logo\/image\/"}}]}},"_links":{"self":[{"href":"https:\/\/drmariabruce.com\/es\/wp-json\/wp\/v2\/product\/2295","targetHints":{"allow":["GET"]}}],"collection":[{"href":"https:\/\/drmariabruce.com\/es\/wp-json\/wp\/v2\/product"}],"about":[{"href":"https:\/\/drmariabruce.com\/es\/wp-json\/wp\/v2\/types\/product"}],"replies":[{"embeddable":true,"href":"https:\/\/drmariabruce.com\/es\/wp-json\/wp\/v2\/comments?post=2295"}],"wp:featuredmedia":[{"embeddable":true,"href":"https:\/\/drmariabruce.com\/es\/wp-json\/wp\/v2\/media\/2297"}],"wp:attachment":[{"href":"https:\/\/drmariabruce.com\/es\/wp-json\/wp\/v2\/media?parent=2295"}],"wp:term":[{"taxonomy":"product_brand","embeddable":true,"href":"https:\/\/drmariabruce.com\/es\/wp-json\/wp\/v2\/product_brand?post=2295"},{"taxonomy":"product_cat","embeddable":true,"href":"https:\/\/drmariabruce.com\/es\/wp-json\/wp\/v2\/product_cat?post=2295"},{"taxonomy":"product_tag","embeddable":true,"href":"https:\/\/drmariabruce.com\/es\/wp-json\/wp\/v2\/product_tag?post=2295"}],"curies":[{"name":"wp","href":"https:\/\/api.w.org\/{rel}","templated":true}]}}