{"id":3146,"date":"2025-11-28T05:06:05","date_gmt":"2025-11-28T05:06:05","guid":{"rendered":"https:\/\/drmariabruce.com\/product\/remera-unisex-inhala-%c2%b7-enfoca-%c2%b7-confia-estilo-minimalista-premium\/"},"modified":"2025-11-28T05:29:46","modified_gmt":"2025-11-28T05:29:46","slug":"remera-unisex-inhala-%c2%b7-enfoca-%c2%b7-confia-estilo-minimalista-premium","status":"publish","type":"product","link":"https:\/\/drmariabruce.com\/es\/producto\/remera-unisex-inhala-%c2%b7-enfoca-%c2%b7-confia-estilo-minimalista-premium\/","title":{"rendered":"Remera Unisex \u201cInhala - Enfoca - Conf\u00eda\u201d - Estilo Minimalista Premium"},"content":{"rendered":"<p data-start=\"328\" data-end=\"597\">Esta remera unisex \u201cInhala - Enfoca - Conf\u00eda\u201d est\u00e1 dise\u00f1ada para acompa\u00f1arte en tu d\u00eda con un mensaje que inspira calma, enfoque y prop\u00f3sito. Con un estilo minimalista y moderno, es perfecta para usar en entrenamientos, rutinas diarias o momentos de pausa consciente.<\/p>\n<p data-start=\"599\" data-end=\"848\">Fabricada con el cl\u00e1sico Bella + Canvas 3001, suave y duradero, ofrece un c\u00e1lce c\u00f3modo y una calidad superior que la convierte en una prenda ideal para cualquier temporada. Su dise\u00f1o bordado minimalista aporta un toque elegante que combina con todo.<\/p>\n<p data-start=\"850\" data-end=\"1150\">- Algod\u00f3n peinado y ring-spun de alta calidad<br data-start=\"895\" data-end=\"898\" \/>- Calce unisex: se adapta a todos los cuerpos<br data-start=\"943\" data-end=\"946\" \/>- Suavidad premium y gran resistencia<br data-start=\"983\" data-end=\"986\" \/>- Perfecta para uso diario, entrenamientos y estilo casual<br data-start=\"1044\" data-end=\"1047\" \/>- Disponible en negro, blanco y azul marino<br data-start=\"1090\" data-end=\"1093\" \/>- Inspirada en bienestar, enfoque y desarrollo personal<\/p>\n<p data-start=\"1152\" data-end=\"1239\">Una remera pensada para quienes buscan vestirse con intenci\u00f3n, simplicidad y significado.<\/p>","protected":false},"excerpt":{"rendered":"<p>Remera unisex premium con dise\u00f1o minimalista \u201cInhala \u00b7 Enfoca \u00b7 Conf\u00eda\u201d. Suave, c\u00f3moda y perfecta para usar todos los d\u00edas con un mensaje de calma y enfoque.<\/p>","protected":false},"featured_media":3172,"comment_status":"open","ping_status":"closed","template":"","meta":[],"product_brand":[],"product_cat":[430,431,35,370],"product_tag":[497,494,499,496,470,498,49,495,501,493,453,500,502],"class_list":{"0":"post-3146","1":"product","2":"type-product","3":"status-publish","4":"has-post-thumbnail","6":"product_cat-featured-eng","7":"product_cat-featured-esp","8":"product_cat-merch","9":"product_cat-productos-motivacionales","10":"product_tag-bienestar","11":"product_tag-camiseta-unisex","12":"product_tag-espanol","13":"product_tag-estilo-consciente","14":"product_tag-inhala-enfoca-confia","15":"product_tag-inspiracion-diaria","16":"product_tag-mindfulness","17":"product_tag-remera-motivacional","18":"product_tag-remera-premium","19":"product_tag-remera-unisex","20":"product_tag-ropa-minimalista","21":"product_tag-ropa-motivacional","22":"product_tag-ropa-unisex","24":"first","25":"instock","26":"shipping-taxable","27":"purchasable","28":"product-type-variable"},"yoast_head":"<!-- This site is optimized with the Yoast SEO plugin v27.5 - https:\/\/yoast.com\/product\/yoast-seo-wordpress\/ -->\n<title>Remera Unisex \u201cInhala \u00b7 Enfoca \u00b7 Conf\u00eda\u201d \u2013 Minimalista Premium<\/title>\n<meta name=\"description\" content=\"Remera unisex minimalista \u201cInhala \u00b7 Enfoca \u00b7 Conf\u00eda\u201d. Suave, c\u00f3moda y de estilo premium para llevar un mensaje de calma y enfoque todos los d\u00edas.\" \/>\n<meta name=\"robots\" content=\"index, follow, max-snippet:-1, max-image-preview:large, max-video-preview:-1\" \/>\n<link rel=\"canonical\" href=\"https:\/\/drmariabruce.com\/es\/producto\/remera-unisex-inhala-\u00b7-enfoca-\u00b7-confia-estilo-minimalista-premium\/\" \/>\n<meta property=\"og:locale\" content=\"es_ES\" \/>\n<meta property=\"og:type\" content=\"article\" \/>\n<meta property=\"og:title\" content=\"Remera Unisex \u201cInhala \u00b7 Enfoca \u00b7 Conf\u00eda\u201d \u2013 Minimalista Premium\" \/>\n<meta property=\"og:description\" content=\"Remera unisex minimalista \u201cInhala \u00b7 Enfoca \u00b7 Conf\u00eda\u201d. Suave, c\u00f3moda y de estilo premium para llevar un mensaje de calma y enfoque todos los d\u00edas.\" \/>\n<meta property=\"og:url\" content=\"https:\/\/drmariabruce.com\/es\/producto\/remera-unisex-inhala-\u00b7-enfoca-\u00b7-confia-estilo-minimalista-premium\/\" \/>\n<meta property=\"og:site_name\" content=\"Dr. MARIA BRUCE\" \/>\n<meta property=\"article:modified_time\" content=\"2025-11-28T05:29:46+00:00\" \/>\n<meta property=\"og:image\" content=\"https:\/\/drmariabruce.com\/wp-content\/uploads\/2025\/11\/unisex-staple-t-shirt-vintage-black-front-69292dab41ed0.webp\" \/>\n\t<meta property=\"og:image:width\" content=\"1920\" \/>\n\t<meta property=\"og:image:height\" content=\"1920\" \/>\n\t<meta property=\"og:image:type\" content=\"image\/webp\" \/>\n<meta name=\"twitter:card\" content=\"summary_large_image\" \/>\n<meta name=\"twitter:label1\" content=\"Tiempo de lectura\" \/>\n\t<meta name=\"twitter:data1\" content=\"1 minuto\" \/>\n<script type=\"application\/ld+json\" class=\"yoast-schema-graph\">{\"@context\":\"https:\\\/\\\/schema.org\",\"@graph\":[{\"@type\":\"WebPage\",\"@id\":\"https:\\\/\\\/drmariabruce.com\\\/product\\\/remera-unisex-inhala-%c2%b7-enfoca-%c2%b7-confia-estilo-minimalista-premium\\\/\",\"url\":\"https:\\\/\\\/drmariabruce.com\\\/product\\\/remera-unisex-inhala-%c2%b7-enfoca-%c2%b7-confia-estilo-minimalista-premium\\\/\",\"name\":\"Remera Unisex \u201cInhala \u00b7 Enfoca \u00b7 Conf\u00eda\u201d \u2013 Minimalista Premium\",\"isPartOf\":{\"@id\":\"https:\\\/\\\/drmariabruce.com\\\/#website\"},\"primaryImageOfPage\":{\"@id\":\"https:\\\/\\\/drmariabruce.com\\\/product\\\/remera-unisex-inhala-%c2%b7-enfoca-%c2%b7-confia-estilo-minimalista-premium\\\/#primaryimage\"},\"image\":{\"@id\":\"https:\\\/\\\/drmariabruce.com\\\/product\\\/remera-unisex-inhala-%c2%b7-enfoca-%c2%b7-confia-estilo-minimalista-premium\\\/#primaryimage\"},\"thumbnailUrl\":\"https:\\\/\\\/drmariabruce.com\\\/wp-content\\\/uploads\\\/2025\\\/11\\\/unisex-staple-t-shirt-vintage-black-front-69292dab41ed0.webp\",\"datePublished\":\"2025-11-28T05:06:05+00:00\",\"dateModified\":\"2025-11-28T05:29:46+00:00\",\"description\":\"Remera unisex minimalista \u201cInhala \u00b7 Enfoca \u00b7 Conf\u00eda\u201d. Suave, c\u00f3moda y de estilo premium para llevar un mensaje de calma y enfoque todos los d\u00edas.\",\"breadcrumb\":{\"@id\":\"https:\\\/\\\/drmariabruce.com\\\/product\\\/remera-unisex-inhala-%c2%b7-enfoca-%c2%b7-confia-estilo-minimalista-premium\\\/#breadcrumb\"},\"inLanguage\":\"es\",\"potentialAction\":[{\"@type\":\"ReadAction\",\"target\":[\"https:\\\/\\\/drmariabruce.com\\\/product\\\/remera-unisex-inhala-%c2%b7-enfoca-%c2%b7-confia-estilo-minimalista-premium\\\/\"]}]},{\"@type\":\"ImageObject\",\"inLanguage\":\"es\",\"@id\":\"https:\\\/\\\/drmariabruce.com\\\/product\\\/remera-unisex-inhala-%c2%b7-enfoca-%c2%b7-confia-estilo-minimalista-premium\\\/#primaryimage\",\"url\":\"https:\\\/\\\/drmariabruce.com\\\/wp-content\\\/uploads\\\/2025\\\/11\\\/unisex-staple-t-shirt-vintage-black-front-69292dab41ed0.webp\",\"contentUrl\":\"https:\\\/\\\/drmariabruce.com\\\/wp-content\\\/uploads\\\/2025\\\/11\\\/unisex-staple-t-shirt-vintage-black-front-69292dab41ed0.webp\",\"width\":1920,\"height\":1920},{\"@type\":\"BreadcrumbList\",\"@id\":\"https:\\\/\\\/drmariabruce.com\\\/product\\\/remera-unisex-inhala-%c2%b7-enfoca-%c2%b7-confia-estilo-minimalista-premium\\\/#breadcrumb\",\"itemListElement\":[{\"@type\":\"ListItem\",\"position\":1,\"name\":\"Home\",\"item\":\"https:\\\/\\\/drmariabruce.com\\\/\"},{\"@type\":\"ListItem\",\"position\":2,\"name\":\"Shop\",\"item\":\"https:\\\/\\\/drmariabruce.com\\\/shop\\\/\"},{\"@type\":\"ListItem\",\"position\":3,\"name\":\"Remera Unisex \u201cInhala \u00b7 Enfoca \u00b7 Conf\u00eda\u201d \u2013 Estilo Minimalista Premium\"}]},{\"@type\":\"WebSite\",\"@id\":\"https:\\\/\\\/drmariabruce.com\\\/#website\",\"url\":\"https:\\\/\\\/drmariabruce.com\\\/\",\"name\":\"Dr. MARIA BRUCE\",\"description\":\"\",\"publisher\":{\"@id\":\"https:\\\/\\\/drmariabruce.com\\\/#organization\"},\"potentialAction\":[{\"@type\":\"SearchAction\",\"target\":{\"@type\":\"EntryPoint\",\"urlTemplate\":\"https:\\\/\\\/drmariabruce.com\\\/?s={search_term_string}\"},\"query-input\":{\"@type\":\"PropertyValueSpecification\",\"valueRequired\":true,\"valueName\":\"search_term_string\"}}],\"inLanguage\":\"es\"},{\"@type\":\"Organization\",\"@id\":\"https:\\\/\\\/drmariabruce.com\\\/#organization\",\"name\":\"Dr. MARIA BRUCE\",\"url\":\"https:\\\/\\\/drmariabruce.com\\\/\",\"logo\":{\"@type\":\"ImageObject\",\"inLanguage\":\"es\",\"@id\":\"https:\\\/\\\/drmariabruce.com\\\/#\\\/schema\\\/logo\\\/image\\\/\",\"url\":\"https:\\\/\\\/drmariabruce.com\\\/wp-content\\\/uploads\\\/2025\\\/09\\\/MariaBruce.svg\",\"contentUrl\":\"https:\\\/\\\/drmariabruce.com\\\/wp-content\\\/uploads\\\/2025\\\/09\\\/MariaBruce.svg\",\"width\":106,\"height\":17,\"caption\":\"Dr. MARIA BRUCE\"},\"image\":{\"@id\":\"https:\\\/\\\/drmariabruce.com\\\/#\\\/schema\\\/logo\\\/image\\\/\"}}]}<\/script>\n<!-- \/ Yoast SEO plugin. -->","yoast_head_json":{"title":"Remera Unisex \u201cInhala \u00b7 Enfoca \u00b7 Conf\u00eda\u201d \u2013 Minimalista Premium","description":"Remera unisex minimalista \u201cInhala \u00b7 Enfoca \u00b7 Conf\u00eda\u201d. Suave, c\u00f3moda y de estilo premium para llevar un mensaje de calma y enfoque todos los d\u00edas.","robots":{"index":"index","follow":"follow","max-snippet":"max-snippet:-1","max-image-preview":"max-image-preview:large","max-video-preview":"max-video-preview:-1"},"canonical":"https:\/\/drmariabruce.com\/es\/producto\/remera-unisex-inhala-\u00b7-enfoca-\u00b7-confia-estilo-minimalista-premium\/","og_locale":"es_ES","og_type":"article","og_title":"Remera Unisex \u201cInhala \u00b7 Enfoca \u00b7 Conf\u00eda\u201d \u2013 Minimalista Premium","og_description":"Remera unisex minimalista \u201cInhala \u00b7 Enfoca \u00b7 Conf\u00eda\u201d. Suave, c\u00f3moda y de estilo premium para llevar un mensaje de calma y enfoque todos los d\u00edas.","og_url":"https:\/\/drmariabruce.com\/es\/producto\/remera-unisex-inhala-\u00b7-enfoca-\u00b7-confia-estilo-minimalista-premium\/","og_site_name":"Dr. MARIA BRUCE","article_modified_time":"2025-11-28T05:29:46+00:00","og_image":[{"width":1920,"height":1920,"url":"https:\/\/drmariabruce.com\/wp-content\/uploads\/2025\/11\/unisex-staple-t-shirt-vintage-black-front-69292dab41ed0.webp","type":"image\/webp"}],"twitter_card":"summary_large_image","twitter_misc":{"Tiempo de lectura":"1 minuto"},"schema":{"@context":"https:\/\/schema.org","@graph":[{"@type":"WebPage","@id":"https:\/\/drmariabruce.com\/product\/remera-unisex-inhala-%c2%b7-enfoca-%c2%b7-confia-estilo-minimalista-premium\/","url":"https:\/\/drmariabruce.com\/product\/remera-unisex-inhala-%c2%b7-enfoca-%c2%b7-confia-estilo-minimalista-premium\/","name":"Remera Unisex \u201cInhala \u00b7 Enfoca \u00b7 Conf\u00eda\u201d \u2013 Minimalista Premium","isPartOf":{"@id":"https:\/\/drmariabruce.com\/#website"},"primaryImageOfPage":{"@id":"https:\/\/drmariabruce.com\/product\/remera-unisex-inhala-%c2%b7-enfoca-%c2%b7-confia-estilo-minimalista-premium\/#primaryimage"},"image":{"@id":"https:\/\/drmariabruce.com\/product\/remera-unisex-inhala-%c2%b7-enfoca-%c2%b7-confia-estilo-minimalista-premium\/#primaryimage"},"thumbnailUrl":"https:\/\/drmariabruce.com\/wp-content\/uploads\/2025\/11\/unisex-staple-t-shirt-vintage-black-front-69292dab41ed0.webp","datePublished":"2025-11-28T05:06:05+00:00","dateModified":"2025-11-28T05:29:46+00:00","description":"Remera unisex minimalista \u201cInhala \u00b7 Enfoca \u00b7 Conf\u00eda\u201d. Suave, c\u00f3moda y de estilo premium para llevar un mensaje de calma y enfoque todos los d\u00edas.","breadcrumb":{"@id":"https:\/\/drmariabruce.com\/product\/remera-unisex-inhala-%c2%b7-enfoca-%c2%b7-confia-estilo-minimalista-premium\/#breadcrumb"},"inLanguage":"es","potentialAction":[{"@type":"ReadAction","target":["https:\/\/drmariabruce.com\/product\/remera-unisex-inhala-%c2%b7-enfoca-%c2%b7-confia-estilo-minimalista-premium\/"]}]},{"@type":"ImageObject","inLanguage":"es","@id":"https:\/\/drmariabruce.com\/product\/remera-unisex-inhala-%c2%b7-enfoca-%c2%b7-confia-estilo-minimalista-premium\/#primaryimage","url":"https:\/\/drmariabruce.com\/wp-content\/uploads\/2025\/11\/unisex-staple-t-shirt-vintage-black-front-69292dab41ed0.webp","contentUrl":"https:\/\/drmariabruce.com\/wp-content\/uploads\/2025\/11\/unisex-staple-t-shirt-vintage-black-front-69292dab41ed0.webp","width":1920,"height":1920},{"@type":"BreadcrumbList","@id":"https:\/\/drmariabruce.com\/product\/remera-unisex-inhala-%c2%b7-enfoca-%c2%b7-confia-estilo-minimalista-premium\/#breadcrumb","itemListElement":[{"@type":"ListItem","position":1,"name":"Home","item":"https:\/\/drmariabruce.com\/"},{"@type":"ListItem","position":2,"name":"Shop","item":"https:\/\/drmariabruce.com\/shop\/"},{"@type":"ListItem","position":3,"name":"Remera Unisex \u201cInhala \u00b7 Enfoca \u00b7 Conf\u00eda\u201d \u2013 Estilo Minimalista Premium"}]},{"@type":"WebSite","@id":"https:\/\/drmariabruce.com\/#website","url":"https:\/\/drmariabruce.com\/","name":"Dra. MARIA BRUCE","description":"","publisher":{"@id":"https:\/\/drmariabruce.com\/#organization"},"potentialAction":[{"@type":"SearchAction","target":{"@type":"EntryPoint","urlTemplate":"https:\/\/drmariabruce.com\/?s={search_term_string}"},"query-input":{"@type":"PropertyValueSpecification","valueRequired":true,"valueName":"search_term_string"}}],"inLanguage":"es"},{"@type":"Organization","@id":"https:\/\/drmariabruce.com\/#organization","name":"Dra. MARIA BRUCE","url":"https:\/\/drmariabruce.com\/","logo":{"@type":"ImageObject","inLanguage":"es","@id":"https:\/\/drmariabruce.com\/#\/schema\/logo\/image\/","url":"https:\/\/drmariabruce.com\/wp-content\/uploads\/2025\/09\/MariaBruce.svg","contentUrl":"https:\/\/drmariabruce.com\/wp-content\/uploads\/2025\/09\/MariaBruce.svg","width":106,"height":17,"caption":"Dr. MARIA BRUCE"},"image":{"@id":"https:\/\/drmariabruce.com\/#\/schema\/logo\/image\/"}}]}},"_links":{"self":[{"href":"https:\/\/drmariabruce.com\/es\/wp-json\/wp\/v2\/product\/3146","targetHints":{"allow":["GET"]}}],"collection":[{"href":"https:\/\/drmariabruce.com\/es\/wp-json\/wp\/v2\/product"}],"about":[{"href":"https:\/\/drmariabruce.com\/es\/wp-json\/wp\/v2\/types\/product"}],"replies":[{"embeddable":true,"href":"https:\/\/drmariabruce.com\/es\/wp-json\/wp\/v2\/comments?post=3146"}],"wp:featuredmedia":[{"embeddable":true,"href":"https:\/\/drmariabruce.com\/es\/wp-json\/wp\/v2\/media\/3172"}],"wp:attachment":[{"href":"https:\/\/drmariabruce.com\/es\/wp-json\/wp\/v2\/media?parent=3146"}],"wp:term":[{"taxonomy":"product_brand","embeddable":true,"href":"https:\/\/drmariabruce.com\/es\/wp-json\/wp\/v2\/product_brand?post=3146"},{"taxonomy":"product_cat","embeddable":true,"href":"https:\/\/drmariabruce.com\/es\/wp-json\/wp\/v2\/product_cat?post=3146"},{"taxonomy":"product_tag","embeddable":true,"href":"https:\/\/drmariabruce.com\/es\/wp-json\/wp\/v2\/product_tag?post=3146"}],"curies":[{"name":"wp","href":"https:\/\/api.w.org\/{rel}","templated":true}]}}