{"id":3265,"date":"2025-11-28T20:02:43","date_gmt":"2025-11-28T20:02:43","guid":{"rendered":"https:\/\/drmariabruce.com\/product\/botella-de-acero-inoxidable-edicion-minimalista-inhala-enfoca-confia\/"},"modified":"2025-12-03T20:48:53","modified_gmt":"2025-12-03T20:48:53","slug":"botella-de-acero-inoxidable-edicion-minimalista-inhala-enfoca-confia","status":"publish","type":"product","link":"https:\/\/drmariabruce.com\/es\/producto\/botella-de-acero-inoxidable-edicion-minimalista-inhala-enfoca-confia\/","title":{"rendered":"Botella de Acero Inoxidable - Edici\u00f3n Minimal \u201cInhala. Enfoca. Conf\u00eda\u201d.\u201d"},"content":{"rendered":"<p>Dise\u00f1ada para deportistas, estudiantes, profesionales y cualquier persona que necesite mantener la calma bajo presi\u00f3n. Esta botella minimalista de acero inoxidable ofrece una est\u00e9tica limpia y elegante, con la frase \u201cinhala. enfoca. conf\u00eda.\u201d grabada de forma sutil en la base. Un recordatorio silencioso para volver al cuerpo, respirar y recuperar el control.<\/p>\n<p>Su doble pared mantiene el agua fr\u00eda durante horas y resiste el uso diario en entrenamientos, partidos, clases, el coche o la oficina. Combina dise\u00f1o premium con psicolog\u00eda del rendimiento, convirti\u00e9ndola en una herramienta pr\u00e1ctica y un regalo significativo.<\/p>\n<p>Hecha para personas que se mueven con intenci\u00f3n. Simple, duradera y equilibrada.<\/p>","protected":false},"excerpt":{"rendered":"<p data-start=\"1753\" data-end=\"1851\">Botella minimalista de acero inoxidable con la frase \u201cinhala. enfoca. conf\u00eda.\u201d Combina dise\u00f1o premium con psicolog\u00eda del rendimiento, convirti\u00e9ndola en una herramienta pr\u00e1ctica y un regalo significativo.<\/p>\n<h3 data-start=\"1853\" data-end=\"1874\"><\/h3>","protected":false},"featured_media":3268,"comment_status":"open","ping_status":"closed","template":"","meta":[],"product_brand":[],"product_cat":[430,431,35,370],"product_tag":[551,549,548,550,553,470,552],"class_list":{"0":"post-3265","1":"product","2":"type-product","3":"status-publish","4":"has-post-thumbnail","6":"product_cat-featured-eng","7":"product_cat-featured-esp","8":"product_cat-merch","9":"product_cat-productos-motivacionales","10":"product_tag-accesorios-bienestar","11":"product_tag-botella-acero-inoxidable","12":"product_tag-botella-de-agua","13":"product_tag-botella-minimalista","14":"product_tag-hidratacion","15":"product_tag-inhala-enfoca-confia","16":"product_tag-regalos-deportistas","18":"first","19":"instock","20":"shipping-taxable","21":"purchasable","22":"product-type-variable"},"yoast_head":"<!-- This site is optimized with the Yoast SEO plugin v27.5 - https:\/\/yoast.com\/product\/yoast-seo-wordpress\/ -->\n<title>Botella Minimalista de Acero Inoxidable | Inhala. Enfoca. Conf\u00eda.<\/title>\n<meta name=\"description\" content=\"Botella minimalista de acero inoxidable con doble pared y la frase \u201cinhala. enfoca. conf\u00eda.\u201d Dise\u00f1o premium y resistente.\" \/>\n<meta name=\"robots\" content=\"index, follow, max-snippet:-1, max-image-preview:large, max-video-preview:-1\" \/>\n<link rel=\"canonical\" href=\"https:\/\/drmariabruce.com\/es\/producto\/botella-de-acero-inoxidable-edicion-minimalista-inhala-enfoca-confia\/\" \/>\n<meta property=\"og:locale\" content=\"es_ES\" \/>\n<meta property=\"og:type\" content=\"article\" \/>\n<meta property=\"og:title\" content=\"Botella Minimalista de Acero Inoxidable | Inhala. Enfoca. Conf\u00eda.\" \/>\n<meta property=\"og:description\" content=\"Botella minimalista de acero inoxidable con doble pared y la frase \u201cinhala. enfoca. conf\u00eda.\u201d Dise\u00f1o premium y resistente.\" \/>\n<meta property=\"og:url\" content=\"https:\/\/drmariabruce.com\/es\/producto\/botella-de-acero-inoxidable-edicion-minimalista-inhala-enfoca-confia\/\" \/>\n<meta property=\"og:site_name\" content=\"Dr. MARIA BRUCE\" \/>\n<meta property=\"article:modified_time\" content=\"2025-12-03T20:48:53+00:00\" \/>\n<meta property=\"og:image\" content=\"https:\/\/drmariabruce.com\/wp-content\/uploads\/2025\/11\/stainless-steel-water-bottle-black-17-oz-right-6929ffd811e42.webp\" \/>\n\t<meta property=\"og:image:width\" content=\"1920\" \/>\n\t<meta property=\"og:image:height\" content=\"1920\" \/>\n\t<meta property=\"og:image:type\" content=\"image\/webp\" \/>\n<meta name=\"twitter:card\" content=\"summary_large_image\" \/>\n<meta name=\"twitter:label1\" content=\"Tiempo de lectura\" \/>\n\t<meta name=\"twitter:data1\" content=\"1 minuto\" \/>\n<script type=\"application\/ld+json\" class=\"yoast-schema-graph\">{\"@context\":\"https:\\\/\\\/schema.org\",\"@graph\":[{\"@type\":\"WebPage\",\"@id\":\"https:\\\/\\\/drmariabruce.com\\\/product\\\/botella-de-acero-inoxidable-edicion-minimalista-inhala-enfoca-confia\\\/\",\"url\":\"https:\\\/\\\/drmariabruce.com\\\/product\\\/botella-de-acero-inoxidable-edicion-minimalista-inhala-enfoca-confia\\\/\",\"name\":\"Botella Minimalista de Acero Inoxidable | Inhala. Enfoca. Conf\u00eda.\",\"isPartOf\":{\"@id\":\"https:\\\/\\\/drmariabruce.com\\\/#website\"},\"primaryImageOfPage\":{\"@id\":\"https:\\\/\\\/drmariabruce.com\\\/product\\\/botella-de-acero-inoxidable-edicion-minimalista-inhala-enfoca-confia\\\/#primaryimage\"},\"image\":{\"@id\":\"https:\\\/\\\/drmariabruce.com\\\/product\\\/botella-de-acero-inoxidable-edicion-minimalista-inhala-enfoca-confia\\\/#primaryimage\"},\"thumbnailUrl\":\"https:\\\/\\\/drmariabruce.com\\\/wp-content\\\/uploads\\\/2025\\\/11\\\/stainless-steel-water-bottle-black-17-oz-right-6929ffd811e42.webp\",\"datePublished\":\"2025-11-28T20:02:43+00:00\",\"dateModified\":\"2025-12-03T20:48:53+00:00\",\"description\":\"Botella minimalista de acero inoxidable con doble pared y la frase \u201cinhala. enfoca. conf\u00eda.\u201d Dise\u00f1o premium y resistente.\",\"breadcrumb\":{\"@id\":\"https:\\\/\\\/drmariabruce.com\\\/product\\\/botella-de-acero-inoxidable-edicion-minimalista-inhala-enfoca-confia\\\/#breadcrumb\"},\"inLanguage\":\"es\",\"potentialAction\":[{\"@type\":\"ReadAction\",\"target\":[\"https:\\\/\\\/drmariabruce.com\\\/product\\\/botella-de-acero-inoxidable-edicion-minimalista-inhala-enfoca-confia\\\/\"]}]},{\"@type\":\"ImageObject\",\"inLanguage\":\"es\",\"@id\":\"https:\\\/\\\/drmariabruce.com\\\/product\\\/botella-de-acero-inoxidable-edicion-minimalista-inhala-enfoca-confia\\\/#primaryimage\",\"url\":\"https:\\\/\\\/drmariabruce.com\\\/wp-content\\\/uploads\\\/2025\\\/11\\\/stainless-steel-water-bottle-black-17-oz-right-6929ffd811e42.webp\",\"contentUrl\":\"https:\\\/\\\/drmariabruce.com\\\/wp-content\\\/uploads\\\/2025\\\/11\\\/stainless-steel-water-bottle-black-17-oz-right-6929ffd811e42.webp\",\"width\":1920,\"height\":1920},{\"@type\":\"BreadcrumbList\",\"@id\":\"https:\\\/\\\/drmariabruce.com\\\/product\\\/botella-de-acero-inoxidable-edicion-minimalista-inhala-enfoca-confia\\\/#breadcrumb\",\"itemListElement\":[{\"@type\":\"ListItem\",\"position\":1,\"name\":\"Home\",\"item\":\"https:\\\/\\\/drmariabruce.com\\\/\"},{\"@type\":\"ListItem\",\"position\":2,\"name\":\"Shop\",\"item\":\"https:\\\/\\\/drmariabruce.com\\\/shop\\\/\"},{\"@type\":\"ListItem\",\"position\":3,\"name\":\"Botella de Acero Inoxidable \u2013 Edici\u00f3n Minimal \u201cInhala. Enfoca. Conf\u00eda.\u201d\"}]},{\"@type\":\"WebSite\",\"@id\":\"https:\\\/\\\/drmariabruce.com\\\/#website\",\"url\":\"https:\\\/\\\/drmariabruce.com\\\/\",\"name\":\"Dr. MARIA BRUCE\",\"description\":\"\",\"publisher\":{\"@id\":\"https:\\\/\\\/drmariabruce.com\\\/#organization\"},\"potentialAction\":[{\"@type\":\"SearchAction\",\"target\":{\"@type\":\"EntryPoint\",\"urlTemplate\":\"https:\\\/\\\/drmariabruce.com\\\/?s={search_term_string}\"},\"query-input\":{\"@type\":\"PropertyValueSpecification\",\"valueRequired\":true,\"valueName\":\"search_term_string\"}}],\"inLanguage\":\"es\"},{\"@type\":\"Organization\",\"@id\":\"https:\\\/\\\/drmariabruce.com\\\/#organization\",\"name\":\"Dr. MARIA BRUCE\",\"url\":\"https:\\\/\\\/drmariabruce.com\\\/\",\"logo\":{\"@type\":\"ImageObject\",\"inLanguage\":\"es\",\"@id\":\"https:\\\/\\\/drmariabruce.com\\\/#\\\/schema\\\/logo\\\/image\\\/\",\"url\":\"https:\\\/\\\/drmariabruce.com\\\/wp-content\\\/uploads\\\/2025\\\/09\\\/MariaBruce.svg\",\"contentUrl\":\"https:\\\/\\\/drmariabruce.com\\\/wp-content\\\/uploads\\\/2025\\\/09\\\/MariaBruce.svg\",\"width\":106,\"height\":17,\"caption\":\"Dr. MARIA BRUCE\"},\"image\":{\"@id\":\"https:\\\/\\\/drmariabruce.com\\\/#\\\/schema\\\/logo\\\/image\\\/\"}}]}<\/script>\n<!-- \/ Yoast SEO plugin. -->","yoast_head_json":{"title":"Botella Minimalista de Acero Inoxidable | Inhala. Enfoca. Conf\u00eda.","description":"Botella minimalista de acero inoxidable con doble pared y la frase \u201cinhala. enfoca. conf\u00eda.\u201d Dise\u00f1o premium y resistente.","robots":{"index":"index","follow":"follow","max-snippet":"max-snippet:-1","max-image-preview":"max-image-preview:large","max-video-preview":"max-video-preview:-1"},"canonical":"https:\/\/drmariabruce.com\/es\/producto\/botella-de-acero-inoxidable-edicion-minimalista-inhala-enfoca-confia\/","og_locale":"es_ES","og_type":"article","og_title":"Botella Minimalista de Acero Inoxidable | Inhala. Enfoca. Conf\u00eda.","og_description":"Botella minimalista de acero inoxidable con doble pared y la frase \u201cinhala. enfoca. conf\u00eda.\u201d Dise\u00f1o premium y resistente.","og_url":"https:\/\/drmariabruce.com\/es\/producto\/botella-de-acero-inoxidable-edicion-minimalista-inhala-enfoca-confia\/","og_site_name":"Dr. MARIA BRUCE","article_modified_time":"2025-12-03T20:48:53+00:00","og_image":[{"width":1920,"height":1920,"url":"https:\/\/drmariabruce.com\/wp-content\/uploads\/2025\/11\/stainless-steel-water-bottle-black-17-oz-right-6929ffd811e42.webp","type":"image\/webp"}],"twitter_card":"summary_large_image","twitter_misc":{"Tiempo de lectura":"1 minuto"},"schema":{"@context":"https:\/\/schema.org","@graph":[{"@type":"WebPage","@id":"https:\/\/drmariabruce.com\/product\/botella-de-acero-inoxidable-edicion-minimalista-inhala-enfoca-confia\/","url":"https:\/\/drmariabruce.com\/product\/botella-de-acero-inoxidable-edicion-minimalista-inhala-enfoca-confia\/","name":"Botella Minimalista de Acero Inoxidable | Inhala. Enfoca. Conf\u00eda.","isPartOf":{"@id":"https:\/\/drmariabruce.com\/#website"},"primaryImageOfPage":{"@id":"https:\/\/drmariabruce.com\/product\/botella-de-acero-inoxidable-edicion-minimalista-inhala-enfoca-confia\/#primaryimage"},"image":{"@id":"https:\/\/drmariabruce.com\/product\/botella-de-acero-inoxidable-edicion-minimalista-inhala-enfoca-confia\/#primaryimage"},"thumbnailUrl":"https:\/\/drmariabruce.com\/wp-content\/uploads\/2025\/11\/stainless-steel-water-bottle-black-17-oz-right-6929ffd811e42.webp","datePublished":"2025-11-28T20:02:43+00:00","dateModified":"2025-12-03T20:48:53+00:00","description":"Botella minimalista de acero inoxidable con doble pared y la frase \u201cinhala. enfoca. conf\u00eda.\u201d Dise\u00f1o premium y resistente.","breadcrumb":{"@id":"https:\/\/drmariabruce.com\/product\/botella-de-acero-inoxidable-edicion-minimalista-inhala-enfoca-confia\/#breadcrumb"},"inLanguage":"es","potentialAction":[{"@type":"ReadAction","target":["https:\/\/drmariabruce.com\/product\/botella-de-acero-inoxidable-edicion-minimalista-inhala-enfoca-confia\/"]}]},{"@type":"ImageObject","inLanguage":"es","@id":"https:\/\/drmariabruce.com\/product\/botella-de-acero-inoxidable-edicion-minimalista-inhala-enfoca-confia\/#primaryimage","url":"https:\/\/drmariabruce.com\/wp-content\/uploads\/2025\/11\/stainless-steel-water-bottle-black-17-oz-right-6929ffd811e42.webp","contentUrl":"https:\/\/drmariabruce.com\/wp-content\/uploads\/2025\/11\/stainless-steel-water-bottle-black-17-oz-right-6929ffd811e42.webp","width":1920,"height":1920},{"@type":"BreadcrumbList","@id":"https:\/\/drmariabruce.com\/product\/botella-de-acero-inoxidable-edicion-minimalista-inhala-enfoca-confia\/#breadcrumb","itemListElement":[{"@type":"ListItem","position":1,"name":"Home","item":"https:\/\/drmariabruce.com\/"},{"@type":"ListItem","position":2,"name":"Shop","item":"https:\/\/drmariabruce.com\/shop\/"},{"@type":"ListItem","position":3,"name":"Botella de Acero Inoxidable \u2013 Edici\u00f3n Minimal \u201cInhala. Enfoca. Conf\u00eda.\u201d"}]},{"@type":"WebSite","@id":"https:\/\/drmariabruce.com\/#website","url":"https:\/\/drmariabruce.com\/","name":"Dra. MARIA BRUCE","description":"","publisher":{"@id":"https:\/\/drmariabruce.com\/#organization"},"potentialAction":[{"@type":"SearchAction","target":{"@type":"EntryPoint","urlTemplate":"https:\/\/drmariabruce.com\/?s={search_term_string}"},"query-input":{"@type":"PropertyValueSpecification","valueRequired":true,"valueName":"search_term_string"}}],"inLanguage":"es"},{"@type":"Organization","@id":"https:\/\/drmariabruce.com\/#organization","name":"Dra. MARIA BRUCE","url":"https:\/\/drmariabruce.com\/","logo":{"@type":"ImageObject","inLanguage":"es","@id":"https:\/\/drmariabruce.com\/#\/schema\/logo\/image\/","url":"https:\/\/drmariabruce.com\/wp-content\/uploads\/2025\/09\/MariaBruce.svg","contentUrl":"https:\/\/drmariabruce.com\/wp-content\/uploads\/2025\/09\/MariaBruce.svg","width":106,"height":17,"caption":"Dr. MARIA BRUCE"},"image":{"@id":"https:\/\/drmariabruce.com\/#\/schema\/logo\/image\/"}}]}},"_links":{"self":[{"href":"https:\/\/drmariabruce.com\/es\/wp-json\/wp\/v2\/product\/3265","targetHints":{"allow":["GET"]}}],"collection":[{"href":"https:\/\/drmariabruce.com\/es\/wp-json\/wp\/v2\/product"}],"about":[{"href":"https:\/\/drmariabruce.com\/es\/wp-json\/wp\/v2\/types\/product"}],"replies":[{"embeddable":true,"href":"https:\/\/drmariabruce.com\/es\/wp-json\/wp\/v2\/comments?post=3265"}],"wp:featuredmedia":[{"embeddable":true,"href":"https:\/\/drmariabruce.com\/es\/wp-json\/wp\/v2\/media\/3268"}],"wp:attachment":[{"href":"https:\/\/drmariabruce.com\/es\/wp-json\/wp\/v2\/media?parent=3265"}],"wp:term":[{"taxonomy":"product_brand","embeddable":true,"href":"https:\/\/drmariabruce.com\/es\/wp-json\/wp\/v2\/product_brand?post=3265"},{"taxonomy":"product_cat","embeddable":true,"href":"https:\/\/drmariabruce.com\/es\/wp-json\/wp\/v2\/product_cat?post=3265"},{"taxonomy":"product_tag","embeddable":true,"href":"https:\/\/drmariabruce.com\/es\/wp-json\/wp\/v2\/product_tag?post=3265"}],"curies":[{"name":"wp","href":"https:\/\/api.w.org\/{rel}","templated":true}]}}