{"id":3761,"date":"2025-12-03T21:40:31","date_gmt":"2025-12-03T21:40:31","guid":{"rendered":"https:\/\/drmariabruce.com\/?post_type=product&#038;p=3761"},"modified":"2025-12-03T21:45:13","modified_gmt":"2025-12-03T21:45:13","slug":"complete-mental-training-system-for-young-athletes-pdf-worksheets-audio-bundle","status":"publish","type":"product","link":"https:\/\/drmariabruce.com\/es\/producto\/complete-mental-training-system-for-young-athletes-pdf-worksheets-audio-bundle\/","title":{"rendered":"Sistema completo de entrenamiento mental para j\u00f3venes atletas - PDF + Hojas de ejercicios + Paquete de audio"},"content":{"rendered":"<p data-start=\"881\" data-end=\"1030\">Ayuda a los j\u00f3venes deportistas a desarrollar la confianza, la concentraci\u00f3n, la capacidad de recuperaci\u00f3n y el control emocional con este completo sistema de entrenamiento mental dise\u00f1ado para ni\u00f1os de 8 a 16 a\u00f1os.<\/p>\n<p data-start=\"1032\" data-end=\"1214\">Este paquete combina todas las herramientas esenciales que los j\u00f3venes deportistas necesitan para fortalecer su mentalidad, gestionar la presi\u00f3n y rendir al m\u00e1ximo, en casa, durante los entrenamientos y antes de los partidos.<\/p>\n<p data-start=\"1216\" data-end=\"1236\"><strong data-start=\"1216\" data-end=\"1236\">Qu\u00e9 incluye:<\/strong><\/p>\n<h2 data-start=\"1243\" data-end=\"1294\"><strong data-start=\"1246\" data-end=\"1292\">- Entrenamiento Mental Completo PDF (Edici\u00f3n Juvenil)<\/strong><\/h2>\n<p data-start=\"1295\" data-end=\"1489\">Una gu\u00eda clara y pr\u00e1ctica dise\u00f1ada espec\u00edficamente para j\u00f3venes deportistas.<br data-start=\"1361\" data-end=\"1364\" \/>Abarca la confianza, la visualizaci\u00f3n, el mantenimiento de la calma bajo presi\u00f3n, la gesti\u00f3n de los errores, la mentalidad previa al partido y la regulaci\u00f3n emocional.<\/p>\n<h2 data-start=\"1496\" data-end=\"1563\"><strong data-start=\"1499\" data-end=\"1561\">- Paquete de hojas de trabajo (6 hojas de trabajo - imprimibles y reutilizables)<\/strong><\/h2>\n<p data-start=\"1564\" data-end=\"1761\">Estas atractivas fichas ayudan a los ni\u00f1os a crear h\u00e1bitos mentales s\u00f3lidos, mejorar la toma de decisiones y comprender sus emociones.<br data-start=\"1683\" data-end=\"1686\" \/>Puedes imprimirlos tantas veces como necesites para la pr\u00e1ctica semanal o estacional.<\/p>\n<p data-start=\"1763\" data-end=\"1787\"><strong data-start=\"1763\" data-end=\"1787\">Hojas de trabajo incluidas:<\/strong><\/p>\n<ul data-start=\"1789\" data-end=\"2230\">\n<li data-start=\"1789\" data-end=\"1865\">\n<p data-start=\"1791\" data-end=\"1865\"><strong data-start=\"1791\" data-end=\"1808\">Fijaci\u00f3n de objetivos:<\/strong> Clarificar los objetivos alcanzables a corto y largo plazo<\/p>\n<\/li>\n<li data-start=\"1866\" data-end=\"1940\">\n<p data-start=\"1868\" data-end=\"1940\"><strong data-start=\"1868\" data-end=\"1894\">Visualizaci\u00f3n y concentraci\u00f3n:<\/strong> Reforzar la concentraci\u00f3n y la preparaci\u00f3n para el juego<\/p>\n<\/li>\n<li data-start=\"1941\" data-end=\"2005\">\n<p data-start=\"1943\" data-end=\"2005\"><strong data-start=\"1943\" data-end=\"1969\">Gesti\u00f3n de la ansiedad ante el juego:<\/strong> Herramientas para mantener la calma bajo presi\u00f3n<\/p>\n<\/li>\n<li data-start=\"2006\" data-end=\"2076\">\n<p data-start=\"2008\" data-end=\"2076\"><strong data-start=\"2008\" data-end=\"2037\">Autoestima y confianza:<\/strong> Desarrollar la fuerza interior y la confianza en uno mismo<\/p>\n<\/li>\n<li data-start=\"2077\" data-end=\"2154\">\n<p data-start=\"2079\" data-end=\"2154\"><strong data-start=\"2079\" data-end=\"2100\">Rutina previa al partido:<\/strong> Crear h\u00e1bitos constantes que preparen la mente y el cuerpo<\/p>\n<\/li>\n<li data-start=\"2155\" data-end=\"2230\">\n<p data-start=\"2157\" data-end=\"2230\"><strong data-start=\"2157\" data-end=\"2182\">Reflexi\u00f3n posterior al partido:<\/strong> Aprender del rendimiento sin autocr\u00edtica<\/p>\n<\/li>\n<\/ul>\n<h2 data-start=\"2237\" data-end=\"2289\"><strong data-start=\"2240\" data-end=\"2287\">- Serie completa de audios (8 audios para ni\u00f1os)<\/strong><\/h2>\n<p data-start=\"2290\" data-end=\"2400\">Audios breves e impactantes dise\u00f1ados para ayudar a los j\u00f3venes deportistas a regular sus emociones, reducir el estr\u00e9s y fomentar la confianza en s\u00ed mismos.<\/p>\n<p data-start=\"2402\" data-end=\"2486\">Perfecto para escuchar antes de entrenar, antes de los partidos o en cualquier momento que necesiten un reset.<\/p>\n<h2 data-start=\"2493\" data-end=\"2513\"><strong data-start=\"2496\" data-end=\"2513\">Dise\u00f1ado para:<\/strong><\/h2>\n<ul data-start=\"2515\" data-end=\"2804\">\n<li data-start=\"2515\" data-end=\"2596\">\n<p data-start=\"2517\" data-end=\"2596\">padres que desean apoyar la confianza y el bienestar emocional de sus hijos<\/p>\n<\/li>\n<li data-start=\"2597\" data-end=\"2668\">\n<p data-start=\"2599\" data-end=\"2668\">j\u00f3venes deportistas que luchan contra los nervios, la presi\u00f3n o el perfeccionismo<\/p>\n<\/li>\n<li data-start=\"2669\" data-end=\"2731\">\n<p data-start=\"2671\" data-end=\"2731\">jugadores que necesitan mayor concentraci\u00f3n, motivaci\u00f3n y constancia<\/p>\n<\/li>\n<li data-start=\"2732\" data-end=\"2804\">\n<p data-start=\"2734\" data-end=\"2804\">entrenadores que deseen herramientas sencillas de entrenamiento mental para utilizar con su equipo<\/p>\n<\/li>\n<\/ul>\n<p data-start=\"2806\" data-end=\"2903\">Elija la licencia que se adapte a sus necesidades y ayude a su joven deportista a desarrollar habilidades mentales para toda la vida.<\/p>\n<p data-start=\"2095\" data-end=\"2301\">","protected":false},"excerpt":{"rendered":"<p data-start=\"501\" data-end=\"811\">A complete mental training toolkit for young athletes ages 8\u201316.<br data-start=\"565\" data-end=\"568\" \/>Includes the full Mental Training PDF, 6 printable and reusable worksheets, and the full audio series with 8 confidence-building audios.<br data-start=\"704\" data-end=\"707\" \/>Helps kids improve confidence, focus, emotional control, and resilience during training and competition.<\/p>","protected":false},"featured_media":2313,"comment_status":"open","ping_status":"closed","template":"","meta":[],"product_brand":[],"product_cat":[30,430],"product_tag":[601,599,80,602,604,603,94,113,69,600,41],"class_list":{"0":"post-3761","1":"product","2":"type-product","3":"status-publish","4":"has-post-thumbnail","6":"product_cat-bundles","7":"product_cat-featured-eng","8":"product_tag-audio-series","9":"product_tag-confidence-for-kids","10":"product_tag-mental-training","11":"product_tag-mindset-tools","12":"product_tag-parents-and-coaches","13":"product_tag-performance-training","14":"product_tag-printable-worksheets","15":"product_tag-soccer-mindset","16":"product_tag-sports-psychology","17":"product_tag-worksheets","18":"product_tag-youth-athletes","20":"first","21":"instock","22":"shipping-taxable","23":"purchasable","24":"product-type-variable"},"yoast_head":"<!-- This site is optimized with the Yoast SEO plugin v27.4 - https:\/\/yoast.com\/product\/yoast-seo-wordpress\/ -->\n<title>Complete Mental Training System for Young Athletes<\/title>\n<meta name=\"description\" content=\"A complete mental training program for young athletes. Includes PDF, 6 printable worksheets, and 8 audios to build confidence, focus, and emotional regulati\" \/>\n<meta name=\"robots\" content=\"index, follow, max-snippet:-1, max-image-preview:large, max-video-preview:-1\" \/>\n<link rel=\"canonical\" href=\"https:\/\/drmariabruce.com\/es\/producto\/complete-mental-training-system-for-young-athletes-pdf-worksheets-audio-bundle\/\" \/>\n<meta property=\"og:locale\" content=\"es_ES\" \/>\n<meta property=\"og:type\" content=\"article\" \/>\n<meta property=\"og:title\" content=\"Complete Mental Training System for Young Athletes\" \/>\n<meta property=\"og:description\" content=\"A complete mental training program for young athletes. Includes PDF, 6 printable worksheets, and 8 audios to build confidence, focus, and emotional regulati\" \/>\n<meta property=\"og:url\" content=\"https:\/\/drmariabruce.com\/es\/producto\/complete-mental-training-system-for-young-athletes-pdf-worksheets-audio-bundle\/\" \/>\n<meta property=\"og:site_name\" content=\"Dr. MARIA BRUCE\" \/>\n<meta property=\"article:modified_time\" content=\"2025-12-03T21:45:13+00:00\" \/>\n<meta property=\"og:image\" content=\"https:\/\/drmariabruce.com\/wp-content\/uploads\/2025\/10\/Bundle-pdf-video-worksheets-icons.webp\" \/>\n\t<meta property=\"og:image:width\" content=\"1024\" \/>\n\t<meta property=\"og:image:height\" content=\"1024\" \/>\n\t<meta property=\"og:image:type\" content=\"image\/webp\" \/>\n<meta name=\"twitter:card\" content=\"summary_large_image\" \/>\n<meta name=\"twitter:label1\" content=\"Tiempo de lectura\" \/>\n\t<meta name=\"twitter:data1\" content=\"2 minutos\" \/>\n<script type=\"application\/ld+json\" class=\"yoast-schema-graph\">{\"@context\":\"https:\\\/\\\/schema.org\",\"@graph\":[{\"@type\":\"WebPage\",\"@id\":\"https:\\\/\\\/drmariabruce.com\\\/product\\\/complete-mental-training-system-for-young-athletes-pdf-worksheets-audio-bundle\\\/\",\"url\":\"https:\\\/\\\/drmariabruce.com\\\/product\\\/complete-mental-training-system-for-young-athletes-pdf-worksheets-audio-bundle\\\/\",\"name\":\"Complete Mental Training System for Young Athletes\",\"isPartOf\":{\"@id\":\"https:\\\/\\\/drmariabruce.com\\\/#website\"},\"primaryImageOfPage\":{\"@id\":\"https:\\\/\\\/drmariabruce.com\\\/product\\\/complete-mental-training-system-for-young-athletes-pdf-worksheets-audio-bundle\\\/#primaryimage\"},\"image\":{\"@id\":\"https:\\\/\\\/drmariabruce.com\\\/product\\\/complete-mental-training-system-for-young-athletes-pdf-worksheets-audio-bundle\\\/#primaryimage\"},\"thumbnailUrl\":\"https:\\\/\\\/drmariabruce.com\\\/wp-content\\\/uploads\\\/2025\\\/10\\\/Bundle-pdf-video-worksheets-icons.webp\",\"datePublished\":\"2025-12-03T21:40:31+00:00\",\"dateModified\":\"2025-12-03T21:45:13+00:00\",\"description\":\"A complete mental training program for young athletes. Includes PDF, 6 printable worksheets, and 8 audios to build confidence, focus, and emotional regulati\",\"breadcrumb\":{\"@id\":\"https:\\\/\\\/drmariabruce.com\\\/product\\\/complete-mental-training-system-for-young-athletes-pdf-worksheets-audio-bundle\\\/#breadcrumb\"},\"inLanguage\":\"es\",\"potentialAction\":[{\"@type\":\"ReadAction\",\"target\":[\"https:\\\/\\\/drmariabruce.com\\\/product\\\/complete-mental-training-system-for-young-athletes-pdf-worksheets-audio-bundle\\\/\"]}]},{\"@type\":\"ImageObject\",\"inLanguage\":\"es\",\"@id\":\"https:\\\/\\\/drmariabruce.com\\\/product\\\/complete-mental-training-system-for-young-athletes-pdf-worksheets-audio-bundle\\\/#primaryimage\",\"url\":\"https:\\\/\\\/drmariabruce.com\\\/wp-content\\\/uploads\\\/2025\\\/10\\\/Bundle-pdf-video-worksheets-icons.webp\",\"contentUrl\":\"https:\\\/\\\/drmariabruce.com\\\/wp-content\\\/uploads\\\/2025\\\/10\\\/Bundle-pdf-video-worksheets-icons.webp\",\"width\":1024,\"height\":1024},{\"@type\":\"BreadcrumbList\",\"@id\":\"https:\\\/\\\/drmariabruce.com\\\/product\\\/complete-mental-training-system-for-young-athletes-pdf-worksheets-audio-bundle\\\/#breadcrumb\",\"itemListElement\":[{\"@type\":\"ListItem\",\"position\":1,\"name\":\"Home\",\"item\":\"https:\\\/\\\/drmariabruce.com\\\/\"},{\"@type\":\"ListItem\",\"position\":2,\"name\":\"Shop\",\"item\":\"https:\\\/\\\/drmariabruce.com\\\/shop\\\/\"},{\"@type\":\"ListItem\",\"position\":3,\"name\":\"Complete Mental Training System for Young Athletes \u2013 PDF + Worksheets + Audio Bundle\"}]},{\"@type\":\"WebSite\",\"@id\":\"https:\\\/\\\/drmariabruce.com\\\/#website\",\"url\":\"https:\\\/\\\/drmariabruce.com\\\/\",\"name\":\"Dr. MARIA BRUCE\",\"description\":\"\",\"publisher\":{\"@id\":\"https:\\\/\\\/drmariabruce.com\\\/#organization\"},\"potentialAction\":[{\"@type\":\"SearchAction\",\"target\":{\"@type\":\"EntryPoint\",\"urlTemplate\":\"https:\\\/\\\/drmariabruce.com\\\/?s={search_term_string}\"},\"query-input\":{\"@type\":\"PropertyValueSpecification\",\"valueRequired\":true,\"valueName\":\"search_term_string\"}}],\"inLanguage\":\"es\"},{\"@type\":\"Organization\",\"@id\":\"https:\\\/\\\/drmariabruce.com\\\/#organization\",\"name\":\"Dr. MARIA BRUCE\",\"url\":\"https:\\\/\\\/drmariabruce.com\\\/\",\"logo\":{\"@type\":\"ImageObject\",\"inLanguage\":\"es\",\"@id\":\"https:\\\/\\\/drmariabruce.com\\\/#\\\/schema\\\/logo\\\/image\\\/\",\"url\":\"https:\\\/\\\/drmariabruce.com\\\/wp-content\\\/uploads\\\/2025\\\/09\\\/MariaBruce.svg\",\"contentUrl\":\"https:\\\/\\\/drmariabruce.com\\\/wp-content\\\/uploads\\\/2025\\\/09\\\/MariaBruce.svg\",\"width\":106,\"height\":17,\"caption\":\"Dr. MARIA BRUCE\"},\"image\":{\"@id\":\"https:\\\/\\\/drmariabruce.com\\\/#\\\/schema\\\/logo\\\/image\\\/\"}}]}<\/script>\n<!-- \/ Yoast SEO plugin. -->","yoast_head_json":{"title":"Complete Mental Training System for Young Athletes","description":"A complete mental training program for young athletes. Includes PDF, 6 printable worksheets, and 8 audios to build confidence, focus, and emotional regulati","robots":{"index":"index","follow":"follow","max-snippet":"max-snippet:-1","max-image-preview":"max-image-preview:large","max-video-preview":"max-video-preview:-1"},"canonical":"https:\/\/drmariabruce.com\/es\/producto\/complete-mental-training-system-for-young-athletes-pdf-worksheets-audio-bundle\/","og_locale":"es_ES","og_type":"article","og_title":"Complete Mental Training System for Young Athletes","og_description":"A complete mental training program for young athletes. Includes PDF, 6 printable worksheets, and 8 audios to build confidence, focus, and emotional regulati","og_url":"https:\/\/drmariabruce.com\/es\/producto\/complete-mental-training-system-for-young-athletes-pdf-worksheets-audio-bundle\/","og_site_name":"Dr. MARIA BRUCE","article_modified_time":"2025-12-03T21:45:13+00:00","og_image":[{"width":1024,"height":1024,"url":"https:\/\/drmariabruce.com\/wp-content\/uploads\/2025\/10\/Bundle-pdf-video-worksheets-icons.webp","type":"image\/webp"}],"twitter_card":"summary_large_image","twitter_misc":{"Tiempo de lectura":"2 minutos"},"schema":{"@context":"https:\/\/schema.org","@graph":[{"@type":"WebPage","@id":"https:\/\/drmariabruce.com\/product\/complete-mental-training-system-for-young-athletes-pdf-worksheets-audio-bundle\/","url":"https:\/\/drmariabruce.com\/product\/complete-mental-training-system-for-young-athletes-pdf-worksheets-audio-bundle\/","name":"Complete Mental Training System for Young Athletes","isPartOf":{"@id":"https:\/\/drmariabruce.com\/#website"},"primaryImageOfPage":{"@id":"https:\/\/drmariabruce.com\/product\/complete-mental-training-system-for-young-athletes-pdf-worksheets-audio-bundle\/#primaryimage"},"image":{"@id":"https:\/\/drmariabruce.com\/product\/complete-mental-training-system-for-young-athletes-pdf-worksheets-audio-bundle\/#primaryimage"},"thumbnailUrl":"https:\/\/drmariabruce.com\/wp-content\/uploads\/2025\/10\/Bundle-pdf-video-worksheets-icons.webp","datePublished":"2025-12-03T21:40:31+00:00","dateModified":"2025-12-03T21:45:13+00:00","description":"A complete mental training program for young athletes. Includes PDF, 6 printable worksheets, and 8 audios to build confidence, focus, and emotional regulati","breadcrumb":{"@id":"https:\/\/drmariabruce.com\/product\/complete-mental-training-system-for-young-athletes-pdf-worksheets-audio-bundle\/#breadcrumb"},"inLanguage":"es","potentialAction":[{"@type":"ReadAction","target":["https:\/\/drmariabruce.com\/product\/complete-mental-training-system-for-young-athletes-pdf-worksheets-audio-bundle\/"]}]},{"@type":"ImageObject","inLanguage":"es","@id":"https:\/\/drmariabruce.com\/product\/complete-mental-training-system-for-young-athletes-pdf-worksheets-audio-bundle\/#primaryimage","url":"https:\/\/drmariabruce.com\/wp-content\/uploads\/2025\/10\/Bundle-pdf-video-worksheets-icons.webp","contentUrl":"https:\/\/drmariabruce.com\/wp-content\/uploads\/2025\/10\/Bundle-pdf-video-worksheets-icons.webp","width":1024,"height":1024},{"@type":"BreadcrumbList","@id":"https:\/\/drmariabruce.com\/product\/complete-mental-training-system-for-young-athletes-pdf-worksheets-audio-bundle\/#breadcrumb","itemListElement":[{"@type":"ListItem","position":1,"name":"Home","item":"https:\/\/drmariabruce.com\/"},{"@type":"ListItem","position":2,"name":"Shop","item":"https:\/\/drmariabruce.com\/shop\/"},{"@type":"ListItem","position":3,"name":"Complete Mental Training System for Young Athletes \u2013 PDF + Worksheets + Audio Bundle"}]},{"@type":"WebSite","@id":"https:\/\/drmariabruce.com\/#website","url":"https:\/\/drmariabruce.com\/","name":"Dra. MARIA BRUCE","description":"","publisher":{"@id":"https:\/\/drmariabruce.com\/#organization"},"potentialAction":[{"@type":"SearchAction","target":{"@type":"EntryPoint","urlTemplate":"https:\/\/drmariabruce.com\/?s={search_term_string}"},"query-input":{"@type":"PropertyValueSpecification","valueRequired":true,"valueName":"search_term_string"}}],"inLanguage":"es"},{"@type":"Organization","@id":"https:\/\/drmariabruce.com\/#organization","name":"Dra. MARIA BRUCE","url":"https:\/\/drmariabruce.com\/","logo":{"@type":"ImageObject","inLanguage":"es","@id":"https:\/\/drmariabruce.com\/#\/schema\/logo\/image\/","url":"https:\/\/drmariabruce.com\/wp-content\/uploads\/2025\/09\/MariaBruce.svg","contentUrl":"https:\/\/drmariabruce.com\/wp-content\/uploads\/2025\/09\/MariaBruce.svg","width":106,"height":17,"caption":"Dr. MARIA BRUCE"},"image":{"@id":"https:\/\/drmariabruce.com\/#\/schema\/logo\/image\/"}}]}},"_links":{"self":[{"href":"https:\/\/drmariabruce.com\/es\/wp-json\/wp\/v2\/product\/3761","targetHints":{"allow":["GET"]}}],"collection":[{"href":"https:\/\/drmariabruce.com\/es\/wp-json\/wp\/v2\/product"}],"about":[{"href":"https:\/\/drmariabruce.com\/es\/wp-json\/wp\/v2\/types\/product"}],"replies":[{"embeddable":true,"href":"https:\/\/drmariabruce.com\/es\/wp-json\/wp\/v2\/comments?post=3761"}],"wp:featuredmedia":[{"embeddable":true,"href":"https:\/\/drmariabruce.com\/es\/wp-json\/wp\/v2\/media\/2313"}],"wp:attachment":[{"href":"https:\/\/drmariabruce.com\/es\/wp-json\/wp\/v2\/media?parent=3761"}],"wp:term":[{"taxonomy":"product_brand","embeddable":true,"href":"https:\/\/drmariabruce.com\/es\/wp-json\/wp\/v2\/product_brand?post=3761"},{"taxonomy":"product_cat","embeddable":true,"href":"https:\/\/drmariabruce.com\/es\/wp-json\/wp\/v2\/product_cat?post=3761"},{"taxonomy":"product_tag","embeddable":true,"href":"https:\/\/drmariabruce.com\/es\/wp-json\/wp\/v2\/product_tag?post=3761"}],"curies":[{"name":"wp","href":"https:\/\/api.w.org\/{rel}","templated":true}]}}