{"id":4041,"date":"2025-12-09T21:45:11","date_gmt":"2025-12-09T21:45:11","guid":{"rendered":"https:\/\/drmariabruce.com\/product\/taza-minimalista-calma-%c2%b7-claridad-%c2%b7-confianza\/"},"modified":"2025-12-15T14:15:24","modified_gmt":"2025-12-15T14:15:24","slug":"taza-minimalista-calma-%c2%b7-claridad-%c2%b7-confianza","status":"publish","type":"product","link":"https:\/\/drmariabruce.com\/es\/producto\/taza-minimalista-calma-%c2%b7-claridad-%c2%b7-confianza\/","title":{"rendered":"Taza Minimalista - Calma - Claridad - Confianza"},"content":{"rendered":"<p>Una taza dise\u00f1ada como herramienta diaria de bienestar - un recordatorio sutil para volver a la calma, la claridad y la confianza cada vez que tom\u00e1s un sorbo.<br \/>\nSu est\u00e9tica minimalista y su mensaje limpio acompa\u00f1an tus rituales de la ma\u00f1ana, tu espacio de trabajo y tus momentos de pausa.<\/p>\n<p>Hecha para ayudarte a respirar, enfocarte y reconectar con tu mejor versi\u00f3n.<\/p>","protected":false},"excerpt":{"rendered":"<p data-start=\"848\" data-end=\"977\">Taza minimalista creada como herramienta diaria de bienestar. Un recordatorio para volver a la calma, la claridad y la confianza.<\/p>","protected":false},"featured_media":4045,"comment_status":"open","ping_status":"closed","template":"","meta":[],"product_brand":[],"product_cat":[35,370],"product_tag":[],"class_list":{"0":"post-4041","1":"product","2":"type-product","3":"status-publish","4":"has-post-thumbnail","6":"product_cat-merch","7":"product_cat-productos-motivacionales","9":"first","10":"instock","11":"shipping-taxable","12":"purchasable","13":"product-type-variable"},"yoast_head":"<!-- This site is optimized with the Yoast SEO plugin v27.4 - https:\/\/yoast.com\/product\/yoast-seo-wordpress\/ -->\n<title>Taza Calma \u00b7 Claridad \u00b7 Confianza \u2013 Taza Minimalista de Bienestar<\/title>\n<meta name=\"description\" content=\"Taza minimalista con el mensaje Calma \u00b7 Claridad \u00b7 Confianza. Un recordatorio diario de bienestar para tus rituales y tu enfoque personal.\" \/>\n<meta name=\"robots\" content=\"index, follow, max-snippet:-1, max-image-preview:large, max-video-preview:-1\" \/>\n<link rel=\"canonical\" href=\"https:\/\/drmariabruce.com\/es\/producto\/taza-minimalista-calma-\u00b7-claridad-\u00b7-confianza\/\" \/>\n<meta property=\"og:locale\" content=\"es_ES\" \/>\n<meta property=\"og:type\" content=\"article\" \/>\n<meta property=\"og:title\" content=\"Taza Calma \u00b7 Claridad \u00b7 Confianza \u2013 Taza Minimalista de Bienestar\" \/>\n<meta property=\"og:description\" content=\"Taza minimalista con el mensaje Calma \u00b7 Claridad \u00b7 Confianza. Un recordatorio diario de bienestar para tus rituales y tu enfoque personal.\" \/>\n<meta property=\"og:url\" content=\"https:\/\/drmariabruce.com\/es\/producto\/taza-minimalista-calma-\u00b7-claridad-\u00b7-confianza\/\" \/>\n<meta property=\"og:site_name\" content=\"Dr. MARIA BRUCE\" \/>\n<meta property=\"article:modified_time\" content=\"2025-12-15T14:15:24+00:00\" \/>\n<meta property=\"og:image\" content=\"https:\/\/drmariabruce.com\/wp-content\/uploads\/2025\/12\/white-glossy-mug-white-11-oz-front-view-6938985c76a1a.webp\" \/>\n\t<meta property=\"og:image:width\" content=\"1920\" \/>\n\t<meta property=\"og:image:height\" content=\"1920\" \/>\n\t<meta property=\"og:image:type\" content=\"image\/webp\" \/>\n<meta name=\"twitter:card\" content=\"summary_large_image\" \/>\n<meta name=\"twitter:label1\" content=\"Tiempo de lectura\" \/>\n\t<meta name=\"twitter:data1\" content=\"1 minuto\" \/>\n<script type=\"application\/ld+json\" class=\"yoast-schema-graph\">{\"@context\":\"https:\\\/\\\/schema.org\",\"@graph\":[{\"@type\":\"WebPage\",\"@id\":\"https:\\\/\\\/drmariabruce.com\\\/product\\\/taza-minimalista-calma-%c2%b7-claridad-%c2%b7-confianza\\\/\",\"url\":\"https:\\\/\\\/drmariabruce.com\\\/product\\\/taza-minimalista-calma-%c2%b7-claridad-%c2%b7-confianza\\\/\",\"name\":\"Taza Calma \u00b7 Claridad \u00b7 Confianza \u2013 Taza Minimalista de Bienestar\",\"isPartOf\":{\"@id\":\"https:\\\/\\\/drmariabruce.com\\\/#website\"},\"primaryImageOfPage\":{\"@id\":\"https:\\\/\\\/drmariabruce.com\\\/product\\\/taza-minimalista-calma-%c2%b7-claridad-%c2%b7-confianza\\\/#primaryimage\"},\"image\":{\"@id\":\"https:\\\/\\\/drmariabruce.com\\\/product\\\/taza-minimalista-calma-%c2%b7-claridad-%c2%b7-confianza\\\/#primaryimage\"},\"thumbnailUrl\":\"https:\\\/\\\/drmariabruce.com\\\/wp-content\\\/uploads\\\/2025\\\/12\\\/white-glossy-mug-white-11-oz-front-view-6938985c76a1a.webp\",\"datePublished\":\"2025-12-09T21:45:11+00:00\",\"dateModified\":\"2025-12-15T14:15:24+00:00\",\"description\":\"Taza minimalista con el mensaje Calma \u00b7 Claridad \u00b7 Confianza. Un recordatorio diario de bienestar para tus rituales y tu enfoque personal.\",\"breadcrumb\":{\"@id\":\"https:\\\/\\\/drmariabruce.com\\\/product\\\/taza-minimalista-calma-%c2%b7-claridad-%c2%b7-confianza\\\/#breadcrumb\"},\"inLanguage\":\"es\",\"potentialAction\":[{\"@type\":\"ReadAction\",\"target\":[\"https:\\\/\\\/drmariabruce.com\\\/product\\\/taza-minimalista-calma-%c2%b7-claridad-%c2%b7-confianza\\\/\"]}]},{\"@type\":\"ImageObject\",\"inLanguage\":\"es\",\"@id\":\"https:\\\/\\\/drmariabruce.com\\\/product\\\/taza-minimalista-calma-%c2%b7-claridad-%c2%b7-confianza\\\/#primaryimage\",\"url\":\"https:\\\/\\\/drmariabruce.com\\\/wp-content\\\/uploads\\\/2025\\\/12\\\/white-glossy-mug-white-11-oz-front-view-6938985c76a1a.webp\",\"contentUrl\":\"https:\\\/\\\/drmariabruce.com\\\/wp-content\\\/uploads\\\/2025\\\/12\\\/white-glossy-mug-white-11-oz-front-view-6938985c76a1a.webp\",\"width\":1920,\"height\":1920},{\"@type\":\"BreadcrumbList\",\"@id\":\"https:\\\/\\\/drmariabruce.com\\\/product\\\/taza-minimalista-calma-%c2%b7-claridad-%c2%b7-confianza\\\/#breadcrumb\",\"itemListElement\":[{\"@type\":\"ListItem\",\"position\":1,\"name\":\"Home\",\"item\":\"https:\\\/\\\/drmariabruce.com\\\/\"},{\"@type\":\"ListItem\",\"position\":2,\"name\":\"Shop\",\"item\":\"https:\\\/\\\/drmariabruce.com\\\/shop\\\/\"},{\"@type\":\"ListItem\",\"position\":3,\"name\":\"Taza Minimalista \u2013 Calma \u00b7 Claridad \u00b7 Confianza\"}]},{\"@type\":\"WebSite\",\"@id\":\"https:\\\/\\\/drmariabruce.com\\\/#website\",\"url\":\"https:\\\/\\\/drmariabruce.com\\\/\",\"name\":\"Dr. MARIA BRUCE\",\"description\":\"\",\"publisher\":{\"@id\":\"https:\\\/\\\/drmariabruce.com\\\/#organization\"},\"potentialAction\":[{\"@type\":\"SearchAction\",\"target\":{\"@type\":\"EntryPoint\",\"urlTemplate\":\"https:\\\/\\\/drmariabruce.com\\\/?s={search_term_string}\"},\"query-input\":{\"@type\":\"PropertyValueSpecification\",\"valueRequired\":true,\"valueName\":\"search_term_string\"}}],\"inLanguage\":\"es\"},{\"@type\":\"Organization\",\"@id\":\"https:\\\/\\\/drmariabruce.com\\\/#organization\",\"name\":\"Dr. MARIA BRUCE\",\"url\":\"https:\\\/\\\/drmariabruce.com\\\/\",\"logo\":{\"@type\":\"ImageObject\",\"inLanguage\":\"es\",\"@id\":\"https:\\\/\\\/drmariabruce.com\\\/#\\\/schema\\\/logo\\\/image\\\/\",\"url\":\"https:\\\/\\\/drmariabruce.com\\\/wp-content\\\/uploads\\\/2025\\\/09\\\/MariaBruce.svg\",\"contentUrl\":\"https:\\\/\\\/drmariabruce.com\\\/wp-content\\\/uploads\\\/2025\\\/09\\\/MariaBruce.svg\",\"width\":106,\"height\":17,\"caption\":\"Dr. MARIA BRUCE\"},\"image\":{\"@id\":\"https:\\\/\\\/drmariabruce.com\\\/#\\\/schema\\\/logo\\\/image\\\/\"}}]}<\/script>\n<!-- \/ Yoast SEO plugin. -->","yoast_head_json":{"title":"Taza Calma \u00b7 Claridad \u00b7 Confianza \u2013 Taza Minimalista de Bienestar","description":"Taza minimalista con el mensaje Calma \u00b7 Claridad \u00b7 Confianza. Un recordatorio diario de bienestar para tus rituales y tu enfoque personal.","robots":{"index":"index","follow":"follow","max-snippet":"max-snippet:-1","max-image-preview":"max-image-preview:large","max-video-preview":"max-video-preview:-1"},"canonical":"https:\/\/drmariabruce.com\/es\/producto\/taza-minimalista-calma-\u00b7-claridad-\u00b7-confianza\/","og_locale":"es_ES","og_type":"article","og_title":"Taza Calma \u00b7 Claridad \u00b7 Confianza \u2013 Taza Minimalista de Bienestar","og_description":"Taza minimalista con el mensaje Calma \u00b7 Claridad \u00b7 Confianza. Un recordatorio diario de bienestar para tus rituales y tu enfoque personal.","og_url":"https:\/\/drmariabruce.com\/es\/producto\/taza-minimalista-calma-\u00b7-claridad-\u00b7-confianza\/","og_site_name":"Dr. MARIA BRUCE","article_modified_time":"2025-12-15T14:15:24+00:00","og_image":[{"width":1920,"height":1920,"url":"https:\/\/drmariabruce.com\/wp-content\/uploads\/2025\/12\/white-glossy-mug-white-11-oz-front-view-6938985c76a1a.webp","type":"image\/webp"}],"twitter_card":"summary_large_image","twitter_misc":{"Tiempo de lectura":"1 minuto"},"schema":{"@context":"https:\/\/schema.org","@graph":[{"@type":"WebPage","@id":"https:\/\/drmariabruce.com\/product\/taza-minimalista-calma-%c2%b7-claridad-%c2%b7-confianza\/","url":"https:\/\/drmariabruce.com\/product\/taza-minimalista-calma-%c2%b7-claridad-%c2%b7-confianza\/","name":"Taza Calma \u00b7 Claridad \u00b7 Confianza \u2013 Taza Minimalista de Bienestar","isPartOf":{"@id":"https:\/\/drmariabruce.com\/#website"},"primaryImageOfPage":{"@id":"https:\/\/drmariabruce.com\/product\/taza-minimalista-calma-%c2%b7-claridad-%c2%b7-confianza\/#primaryimage"},"image":{"@id":"https:\/\/drmariabruce.com\/product\/taza-minimalista-calma-%c2%b7-claridad-%c2%b7-confianza\/#primaryimage"},"thumbnailUrl":"https:\/\/drmariabruce.com\/wp-content\/uploads\/2025\/12\/white-glossy-mug-white-11-oz-front-view-6938985c76a1a.webp","datePublished":"2025-12-09T21:45:11+00:00","dateModified":"2025-12-15T14:15:24+00:00","description":"Taza minimalista con el mensaje Calma \u00b7 Claridad \u00b7 Confianza. Un recordatorio diario de bienestar para tus rituales y tu enfoque personal.","breadcrumb":{"@id":"https:\/\/drmariabruce.com\/product\/taza-minimalista-calma-%c2%b7-claridad-%c2%b7-confianza\/#breadcrumb"},"inLanguage":"es","potentialAction":[{"@type":"ReadAction","target":["https:\/\/drmariabruce.com\/product\/taza-minimalista-calma-%c2%b7-claridad-%c2%b7-confianza\/"]}]},{"@type":"ImageObject","inLanguage":"es","@id":"https:\/\/drmariabruce.com\/product\/taza-minimalista-calma-%c2%b7-claridad-%c2%b7-confianza\/#primaryimage","url":"https:\/\/drmariabruce.com\/wp-content\/uploads\/2025\/12\/white-glossy-mug-white-11-oz-front-view-6938985c76a1a.webp","contentUrl":"https:\/\/drmariabruce.com\/wp-content\/uploads\/2025\/12\/white-glossy-mug-white-11-oz-front-view-6938985c76a1a.webp","width":1920,"height":1920},{"@type":"BreadcrumbList","@id":"https:\/\/drmariabruce.com\/product\/taza-minimalista-calma-%c2%b7-claridad-%c2%b7-confianza\/#breadcrumb","itemListElement":[{"@type":"ListItem","position":1,"name":"Home","item":"https:\/\/drmariabruce.com\/"},{"@type":"ListItem","position":2,"name":"Shop","item":"https:\/\/drmariabruce.com\/shop\/"},{"@type":"ListItem","position":3,"name":"Taza Minimalista \u2013 Calma \u00b7 Claridad \u00b7 Confianza"}]},{"@type":"WebSite","@id":"https:\/\/drmariabruce.com\/#website","url":"https:\/\/drmariabruce.com\/","name":"Dra. MARIA BRUCE","description":"","publisher":{"@id":"https:\/\/drmariabruce.com\/#organization"},"potentialAction":[{"@type":"SearchAction","target":{"@type":"EntryPoint","urlTemplate":"https:\/\/drmariabruce.com\/?s={search_term_string}"},"query-input":{"@type":"PropertyValueSpecification","valueRequired":true,"valueName":"search_term_string"}}],"inLanguage":"es"},{"@type":"Organization","@id":"https:\/\/drmariabruce.com\/#organization","name":"Dra. MARIA BRUCE","url":"https:\/\/drmariabruce.com\/","logo":{"@type":"ImageObject","inLanguage":"es","@id":"https:\/\/drmariabruce.com\/#\/schema\/logo\/image\/","url":"https:\/\/drmariabruce.com\/wp-content\/uploads\/2025\/09\/MariaBruce.svg","contentUrl":"https:\/\/drmariabruce.com\/wp-content\/uploads\/2025\/09\/MariaBruce.svg","width":106,"height":17,"caption":"Dr. MARIA BRUCE"},"image":{"@id":"https:\/\/drmariabruce.com\/#\/schema\/logo\/image\/"}}]}},"_links":{"self":[{"href":"https:\/\/drmariabruce.com\/es\/wp-json\/wp\/v2\/product\/4041","targetHints":{"allow":["GET"]}}],"collection":[{"href":"https:\/\/drmariabruce.com\/es\/wp-json\/wp\/v2\/product"}],"about":[{"href":"https:\/\/drmariabruce.com\/es\/wp-json\/wp\/v2\/types\/product"}],"replies":[{"embeddable":true,"href":"https:\/\/drmariabruce.com\/es\/wp-json\/wp\/v2\/comments?post=4041"}],"wp:featuredmedia":[{"embeddable":true,"href":"https:\/\/drmariabruce.com\/es\/wp-json\/wp\/v2\/media\/4045"}],"wp:attachment":[{"href":"https:\/\/drmariabruce.com\/es\/wp-json\/wp\/v2\/media?parent=4041"}],"wp:term":[{"taxonomy":"product_brand","embeddable":true,"href":"https:\/\/drmariabruce.com\/es\/wp-json\/wp\/v2\/product_brand?post=4041"},{"taxonomy":"product_cat","embeddable":true,"href":"https:\/\/drmariabruce.com\/es\/wp-json\/wp\/v2\/product_cat?post=4041"},{"taxonomy":"product_tag","embeddable":true,"href":"https:\/\/drmariabruce.com\/es\/wp-json\/wp\/v2\/product_tag?post=4041"}],"curies":[{"name":"wp","href":"https:\/\/api.w.org\/{rel}","templated":true}]}}