{"id":935,"date":"2025-10-02T13:23:42","date_gmt":"2025-10-02T13:23:42","guid":{"rendered":"https:\/\/drmariabruce.com\/?post_type=product&#038;p=935"},"modified":"2025-12-03T19:21:52","modified_gmt":"2025-12-03T19:21:52","slug":"pdf-worksheets","status":"publish","type":"product","link":"https:\/\/drmariabruce.com\/es\/producto\/pdf-worksheets\/","title":{"rendered":"PDF + Hojas de ejercicios"},"content":{"rendered":"<p data-start=\"767\" data-end=\"1102\">Entrena la mente como los profesionales con este pr\u00e1ctico paquete de entrenamiento mental basado en la ciencia y dise\u00f1ado para jugadores, padres y entrenadores. Este paquete descargable incluye el <em data-start=\"946\" data-end=\"974\">Entrenamiento mental para el f\u00fatbol<\/em> PDF junto con hojas de trabajo guiadas que traducen la psicolog\u00eda del deporte en ejercicios sencillos y pr\u00e1cticos para el entrenamiento diario.<\/p>\n<p data-start=\"1104\" data-end=\"1314\">Creado por un psic\u00f3logo del rendimiento <strong data-start=\"1140\" data-end=\"1162\">Dra. Maria C. Bruce<\/strong>, Este paquete ayuda a los deportistas a desarrollar el control emocional, la confianza, la resiliencia y la concentraci\u00f3n, todo lo necesario para rendir al m\u00e1ximo dentro y fuera del campo.<\/p>\n<h3 data-start=\"1321\" data-end=\"1346\"><strong data-start=\"1327\" data-end=\"1346\">Qu\u00e9 incluye<\/strong><\/h3>\n<h4 data-start=\"1348\" data-end=\"1404\"><strong data-start=\"1352\" data-end=\"1402\">* Entrenamiento mental para el f\u00fatbol - Libro PDF Completo<\/strong><\/h4>\n<p data-start=\"1405\" data-end=\"1588\">Una gu\u00eda completa que abarca la psicolog\u00eda del rendimiento, la confianza, la mentalidad, la fijaci\u00f3n de objetivos, la concentraci\u00f3n y la regulaci\u00f3n emocional, escrita para los j\u00f3venes deportistas y los adultos que los apoyan.<\/p>\n<h4 data-start=\"1590\" data-end=\"1653\"><strong data-start=\"1594\" data-end=\"1651\">* Hojas de ejercicios de entrenamiento mental para imprimir (formato PDF)<\/strong><\/h4>\n<p data-start=\"1654\" data-end=\"1686\">Ejercicios paso a paso:<\/p>\n<ul data-start=\"1688\" data-end=\"1831\">\n<li data-start=\"1688\" data-end=\"1704\">\n<p data-start=\"1690\" data-end=\"1704\">Fijaci\u00f3n de objetivos<\/p>\n<\/li>\n<li data-start=\"1705\" data-end=\"1730\">\n<p data-start=\"1707\" data-end=\"1730\">Visualizaci\u00f3n y concentraci\u00f3n<\/p>\n<\/li>\n<li data-start=\"1731\" data-end=\"1756\">\n<p data-start=\"1733\" data-end=\"1756\">Controlar la ansiedad ante el juego<\/p>\n<\/li>\n<li data-start=\"1757\" data-end=\"1785\">\n<p data-start=\"1759\" data-end=\"1785\">Autoestima y confianza<\/p>\n<\/li>\n<li data-start=\"1786\" data-end=\"1806\">\n<p data-start=\"1788\" data-end=\"1806\">Rutina previa al partido<\/p>\n<\/li>\n<li data-start=\"1807\" data-end=\"1831\">\n<p data-start=\"1809\" data-end=\"1831\">Reflexi\u00f3n posterior al partido<\/p>\n<\/li>\n<\/ul>\n<p data-start=\"1833\" data-end=\"1985\">Estas hojas de ejercicios gu\u00edan a los jugadores a trav\u00e9s de las mismas habilidades mentales que utilizan los deportistas de \u00e9lite, adaptadas para que resulten sencillas, pr\u00e1cticas y eficaces para los atletas juveniles.<\/p>\n<h2 data-start=\"1992\" data-end=\"2023\"><\/h2>\n<h3 data-start=\"1992\" data-end=\"2023\"><strong data-start=\"1998\" data-end=\"2023\">Por qu\u00e9 funciona este paquete<\/strong><\/h3>\n<ul data-start=\"2025\" data-end=\"2417\">\n<li data-start=\"2025\" data-end=\"2096\">\n<p data-start=\"2027\" data-end=\"2096\">Desarrolla la fortaleza mental y mejora la toma de decisiones bajo presi\u00f3n<\/p>\n<\/li>\n<li data-start=\"2097\" data-end=\"2162\">\n<p data-start=\"2099\" data-end=\"2162\">Ayuda a los jugadores a controlar los nervios, la ansiedad y la intensidad emocional<\/p>\n<\/li>\n<li data-start=\"2163\" data-end=\"2229\">\n<p data-start=\"2165\" data-end=\"2229\">Ense\u00f1a h\u00e1bitos de confianza respaldados por la psicolog\u00eda deportiva<\/p>\n<\/li>\n<li data-start=\"2230\" data-end=\"2296\">\n<p data-start=\"2232\" data-end=\"2296\">Ayuda a padres y entrenadores a orientar la mentalidad de sus jugadores<\/p>\n<\/li>\n<li data-start=\"2297\" data-end=\"2356\">\n<p data-start=\"2299\" data-end=\"2356\">Proporciona ejercicios claros y repetibles para un crecimiento continuo<\/p>\n<\/li>\n<li data-start=\"2357\" data-end=\"2417\">\n<p data-start=\"2359\" data-end=\"2417\">Listo para descargar y utilizar inmediatamente en la formaci\u00f3n<\/p>\n<\/li>\n<\/ul>\n<h2 data-start=\"2424\" data-end=\"2445\"><\/h2>\n<h2 data-start=\"2424\" data-end=\"2445\"><strong data-start=\"2430\" data-end=\"2445\">Perfecto para<\/strong><\/h2>\n<ul data-start=\"2447\" data-end=\"2741\">\n<li data-start=\"2447\" data-end=\"2479\">\n<p data-start=\"2449\" data-end=\"2479\">Futbolistas (mayores de 10-16 a\u00f1os)<\/p>\n<\/li>\n<li data-start=\"2480\" data-end=\"2528\">\n<p data-start=\"2482\" data-end=\"2528\">Entrenadores que buscan herramientas de mentalidad estructuradas<\/p>\n<\/li>\n<li data-start=\"2529\" data-end=\"2596\">\n<p data-start=\"2531\" data-end=\"2596\">Padres que quieren apoyar el desarrollo emocional de sus hijos<\/p>\n<\/li>\n<li data-start=\"2597\" data-end=\"2657\">\n<p data-start=\"2599\" data-end=\"2657\">Equipos y clubes que buscan material de formaci\u00f3n psicol\u00f3gica<\/p>\n<\/li>\n<li data-start=\"2658\" data-end=\"2741\">\n<p data-start=\"2660\" data-end=\"2741\">Cualquiera que desee una forma pr\u00e1ctica y sencilla de aumentar la confianza y la concentraci\u00f3n<\/p>\n<\/li>\n<\/ul>","protected":false},"excerpt":{"rendered":"<p>Strengthen the mental side of the game with this printable bundle by Dr. Maria C. Bruce. Includes the full <em data-start=\"456\" data-end=\"484\">Entrenamiento mental para el f\u00fatbol<\/em> PDF book plus guided worksheets on confidence, focus, anxiety management, visualization, and game-day routines\u2014ready for instant download.<\/p>","protected":false},"featured_media":2315,"comment_status":"open","ping_status":"closed","template":"","meta":[],"product_brand":[],"product_cat":[30],"product_tag":[98,109,90,79,73,92,104,103,87,108,78,107,106,94,72,67,95,66,88,96,102,101,76,105,89],"class_list":{"0":"post-935","1":"product","2":"type-product","3":"status-publish","4":"has-post-thumbnail","6":"product_cat-bundles","7":"product_tag-athlete-mindset","8":"product_tag-coaching-tools","9":"product_tag-confidence-training","10":"product_tag-dr-maria-bruce","11":"product_tag-emotional-regulation","12":"product_tag-focus-training","13":"product_tag-game-anxiety","14":"product_tag-mental-skills-training","15":"product_tag-mental-training-for-soccer","16":"product_tag-mindset-workbook","17":"product_tag-performance-psychology","18":"product_tag-post-game-reflection","19":"product_tag-pre-game-routine","20":"product_tag-printable-worksheets","21":"product_tag-resilience","22":"product_tag-soccer-coaches","23":"product_tag-soccer-development","24":"product_tag-soccer-parents","25":"product_tag-soccer-psychology","26":"product_tag-soccer-training-pdf","27":"product_tag-soccer-worksheets","28":"product_tag-sports-mindset","29":"product_tag-visualization","30":"product_tag-youth-athlete-development","31":"product_tag-youth-soccer","33":"first","34":"instock","35":"shipping-taxable","36":"purchasable","37":"product-type-variable"},"yoast_head":"<!-- This site is optimized with the Yoast SEO plugin v27.4 - https:\/\/yoast.com\/product\/yoast-seo-wordpress\/ -->\n<title>PDFs and worksheets | Practical tools for teen athletes<\/title>\n<meta name=\"description\" content=\"PDFs and worksheets with practical exercises to help teen athletes improve focus, confidence, and emotional regulation on and off the field.\" \/>\n<meta name=\"robots\" content=\"index, follow, max-snippet:-1, max-image-preview:large, max-video-preview:-1\" \/>\n<link rel=\"canonical\" href=\"https:\/\/drmariabruce.com\/es\/producto\/pdf-worksheets\/\" \/>\n<meta property=\"og:locale\" content=\"es_ES\" \/>\n<meta property=\"og:type\" content=\"article\" \/>\n<meta property=\"og:title\" content=\"PDFs and worksheets | Practical tools for teen athletes\" \/>\n<meta property=\"og:description\" content=\"PDFs and worksheets with practical exercises to help teen athletes improve focus, confidence, and emotional regulation on and off the field.\" \/>\n<meta property=\"og:url\" content=\"https:\/\/drmariabruce.com\/es\/producto\/pdf-worksheets\/\" \/>\n<meta property=\"og:site_name\" content=\"Dr. MARIA BRUCE\" \/>\n<meta property=\"article:modified_time\" content=\"2025-12-03T19:21:52+00:00\" \/>\n<meta property=\"og:image\" content=\"https:\/\/drmariabruce.com\/wp-content\/uploads\/2025\/10\/bundle-pdf-worksheets-icons.webp\" \/>\n\t<meta property=\"og:image:width\" content=\"1024\" \/>\n\t<meta property=\"og:image:height\" content=\"1024\" \/>\n\t<meta property=\"og:image:type\" content=\"image\/webp\" \/>\n<meta name=\"twitter:card\" content=\"summary_large_image\" \/>\n<meta name=\"twitter:label1\" content=\"Tiempo de lectura\" \/>\n\t<meta name=\"twitter:data1\" content=\"2 minutos\" \/>\n<script type=\"application\/ld+json\" class=\"yoast-schema-graph\">{\"@context\":\"https:\\\/\\\/schema.org\",\"@graph\":[{\"@type\":\"WebPage\",\"@id\":\"https:\\\/\\\/drmariabruce.com\\\/product\\\/pdf-worksheets\\\/\",\"url\":\"https:\\\/\\\/drmariabruce.com\\\/product\\\/pdf-worksheets\\\/\",\"name\":\"PDFs and worksheets | Practical tools for teen athletes\",\"isPartOf\":{\"@id\":\"https:\\\/\\\/drmariabruce.com\\\/#website\"},\"primaryImageOfPage\":{\"@id\":\"https:\\\/\\\/drmariabruce.com\\\/product\\\/pdf-worksheets\\\/#primaryimage\"},\"image\":{\"@id\":\"https:\\\/\\\/drmariabruce.com\\\/product\\\/pdf-worksheets\\\/#primaryimage\"},\"thumbnailUrl\":\"https:\\\/\\\/drmariabruce.com\\\/wp-content\\\/uploads\\\/2025\\\/10\\\/bundle-pdf-worksheets-icons.webp\",\"datePublished\":\"2025-10-02T13:23:42+00:00\",\"dateModified\":\"2025-12-03T19:21:52+00:00\",\"description\":\"PDFs and worksheets with practical exercises to help teen athletes improve focus, confidence, and emotional regulation on and off the field.\",\"breadcrumb\":{\"@id\":\"https:\\\/\\\/drmariabruce.com\\\/product\\\/pdf-worksheets\\\/#breadcrumb\"},\"inLanguage\":\"es\",\"potentialAction\":[{\"@type\":\"ReadAction\",\"target\":[\"https:\\\/\\\/drmariabruce.com\\\/product\\\/pdf-worksheets\\\/\"]}]},{\"@type\":\"ImageObject\",\"inLanguage\":\"es\",\"@id\":\"https:\\\/\\\/drmariabruce.com\\\/product\\\/pdf-worksheets\\\/#primaryimage\",\"url\":\"https:\\\/\\\/drmariabruce.com\\\/wp-content\\\/uploads\\\/2025\\\/10\\\/bundle-pdf-worksheets-icons.webp\",\"contentUrl\":\"https:\\\/\\\/drmariabruce.com\\\/wp-content\\\/uploads\\\/2025\\\/10\\\/bundle-pdf-worksheets-icons.webp\",\"width\":1024,\"height\":1024},{\"@type\":\"BreadcrumbList\",\"@id\":\"https:\\\/\\\/drmariabruce.com\\\/product\\\/pdf-worksheets\\\/#breadcrumb\",\"itemListElement\":[{\"@type\":\"ListItem\",\"position\":1,\"name\":\"Home\",\"item\":\"https:\\\/\\\/drmariabruce.com\\\/\"},{\"@type\":\"ListItem\",\"position\":2,\"name\":\"Shop\",\"item\":\"https:\\\/\\\/drmariabruce.com\\\/shop\\\/\"},{\"@type\":\"ListItem\",\"position\":3,\"name\":\"PDF + Worksheets\"}]},{\"@type\":\"WebSite\",\"@id\":\"https:\\\/\\\/drmariabruce.com\\\/#website\",\"url\":\"https:\\\/\\\/drmariabruce.com\\\/\",\"name\":\"Dr. MARIA BRUCE\",\"description\":\"\",\"publisher\":{\"@id\":\"https:\\\/\\\/drmariabruce.com\\\/#organization\"},\"potentialAction\":[{\"@type\":\"SearchAction\",\"target\":{\"@type\":\"EntryPoint\",\"urlTemplate\":\"https:\\\/\\\/drmariabruce.com\\\/?s={search_term_string}\"},\"query-input\":{\"@type\":\"PropertyValueSpecification\",\"valueRequired\":true,\"valueName\":\"search_term_string\"}}],\"inLanguage\":\"es\"},{\"@type\":\"Organization\",\"@id\":\"https:\\\/\\\/drmariabruce.com\\\/#organization\",\"name\":\"Dr. MARIA BRUCE\",\"url\":\"https:\\\/\\\/drmariabruce.com\\\/\",\"logo\":{\"@type\":\"ImageObject\",\"inLanguage\":\"es\",\"@id\":\"https:\\\/\\\/drmariabruce.com\\\/#\\\/schema\\\/logo\\\/image\\\/\",\"url\":\"https:\\\/\\\/drmariabruce.com\\\/wp-content\\\/uploads\\\/2025\\\/09\\\/MariaBruce.svg\",\"contentUrl\":\"https:\\\/\\\/drmariabruce.com\\\/wp-content\\\/uploads\\\/2025\\\/09\\\/MariaBruce.svg\",\"width\":106,\"height\":17,\"caption\":\"Dr. MARIA BRUCE\"},\"image\":{\"@id\":\"https:\\\/\\\/drmariabruce.com\\\/#\\\/schema\\\/logo\\\/image\\\/\"}}]}<\/script>\n<!-- \/ Yoast SEO plugin. -->","yoast_head_json":{"title":"PDFs and worksheets | Practical tools for teen athletes","description":"PDFs and worksheets with practical exercises to help teen athletes improve focus, confidence, and emotional regulation on and off the field.","robots":{"index":"index","follow":"follow","max-snippet":"max-snippet:-1","max-image-preview":"max-image-preview:large","max-video-preview":"max-video-preview:-1"},"canonical":"https:\/\/drmariabruce.com\/es\/producto\/pdf-worksheets\/","og_locale":"es_ES","og_type":"article","og_title":"PDFs and worksheets | Practical tools for teen athletes","og_description":"PDFs and worksheets with practical exercises to help teen athletes improve focus, confidence, and emotional regulation on and off the field.","og_url":"https:\/\/drmariabruce.com\/es\/producto\/pdf-worksheets\/","og_site_name":"Dr. MARIA BRUCE","article_modified_time":"2025-12-03T19:21:52+00:00","og_image":[{"width":1024,"height":1024,"url":"https:\/\/drmariabruce.com\/wp-content\/uploads\/2025\/10\/bundle-pdf-worksheets-icons.webp","type":"image\/webp"}],"twitter_card":"summary_large_image","twitter_misc":{"Tiempo de lectura":"2 minutos"},"schema":{"@context":"https:\/\/schema.org","@graph":[{"@type":"WebPage","@id":"https:\/\/drmariabruce.com\/product\/pdf-worksheets\/","url":"https:\/\/drmariabruce.com\/product\/pdf-worksheets\/","name":"PDFs and worksheets | Practical tools for teen athletes","isPartOf":{"@id":"https:\/\/drmariabruce.com\/#website"},"primaryImageOfPage":{"@id":"https:\/\/drmariabruce.com\/product\/pdf-worksheets\/#primaryimage"},"image":{"@id":"https:\/\/drmariabruce.com\/product\/pdf-worksheets\/#primaryimage"},"thumbnailUrl":"https:\/\/drmariabruce.com\/wp-content\/uploads\/2025\/10\/bundle-pdf-worksheets-icons.webp","datePublished":"2025-10-02T13:23:42+00:00","dateModified":"2025-12-03T19:21:52+00:00","description":"PDFs and worksheets with practical exercises to help teen athletes improve focus, confidence, and emotional regulation on and off the field.","breadcrumb":{"@id":"https:\/\/drmariabruce.com\/product\/pdf-worksheets\/#breadcrumb"},"inLanguage":"es","potentialAction":[{"@type":"ReadAction","target":["https:\/\/drmariabruce.com\/product\/pdf-worksheets\/"]}]},{"@type":"ImageObject","inLanguage":"es","@id":"https:\/\/drmariabruce.com\/product\/pdf-worksheets\/#primaryimage","url":"https:\/\/drmariabruce.com\/wp-content\/uploads\/2025\/10\/bundle-pdf-worksheets-icons.webp","contentUrl":"https:\/\/drmariabruce.com\/wp-content\/uploads\/2025\/10\/bundle-pdf-worksheets-icons.webp","width":1024,"height":1024},{"@type":"BreadcrumbList","@id":"https:\/\/drmariabruce.com\/product\/pdf-worksheets\/#breadcrumb","itemListElement":[{"@type":"ListItem","position":1,"name":"Home","item":"https:\/\/drmariabruce.com\/"},{"@type":"ListItem","position":2,"name":"Shop","item":"https:\/\/drmariabruce.com\/shop\/"},{"@type":"ListItem","position":3,"name":"PDF + Worksheets"}]},{"@type":"WebSite","@id":"https:\/\/drmariabruce.com\/#website","url":"https:\/\/drmariabruce.com\/","name":"Dra. MARIA BRUCE","description":"","publisher":{"@id":"https:\/\/drmariabruce.com\/#organization"},"potentialAction":[{"@type":"SearchAction","target":{"@type":"EntryPoint","urlTemplate":"https:\/\/drmariabruce.com\/?s={search_term_string}"},"query-input":{"@type":"PropertyValueSpecification","valueRequired":true,"valueName":"search_term_string"}}],"inLanguage":"es"},{"@type":"Organization","@id":"https:\/\/drmariabruce.com\/#organization","name":"Dra. MARIA BRUCE","url":"https:\/\/drmariabruce.com\/","logo":{"@type":"ImageObject","inLanguage":"es","@id":"https:\/\/drmariabruce.com\/#\/schema\/logo\/image\/","url":"https:\/\/drmariabruce.com\/wp-content\/uploads\/2025\/09\/MariaBruce.svg","contentUrl":"https:\/\/drmariabruce.com\/wp-content\/uploads\/2025\/09\/MariaBruce.svg","width":106,"height":17,"caption":"Dr. MARIA BRUCE"},"image":{"@id":"https:\/\/drmariabruce.com\/#\/schema\/logo\/image\/"}}]}},"_links":{"self":[{"href":"https:\/\/drmariabruce.com\/es\/wp-json\/wp\/v2\/product\/935","targetHints":{"allow":["GET"]}}],"collection":[{"href":"https:\/\/drmariabruce.com\/es\/wp-json\/wp\/v2\/product"}],"about":[{"href":"https:\/\/drmariabruce.com\/es\/wp-json\/wp\/v2\/types\/product"}],"replies":[{"embeddable":true,"href":"https:\/\/drmariabruce.com\/es\/wp-json\/wp\/v2\/comments?post=935"}],"wp:featuredmedia":[{"embeddable":true,"href":"https:\/\/drmariabruce.com\/es\/wp-json\/wp\/v2\/media\/2315"}],"wp:attachment":[{"href":"https:\/\/drmariabruce.com\/es\/wp-json\/wp\/v2\/media?parent=935"}],"wp:term":[{"taxonomy":"product_brand","embeddable":true,"href":"https:\/\/drmariabruce.com\/es\/wp-json\/wp\/v2\/product_brand?post=935"},{"taxonomy":"product_cat","embeddable":true,"href":"https:\/\/drmariabruce.com\/es\/wp-json\/wp\/v2\/product_cat?post=935"},{"taxonomy":"product_tag","embeddable":true,"href":"https:\/\/drmariabruce.com\/es\/wp-json\/wp\/v2\/product_tag?post=935"}],"curies":[{"name":"wp","href":"https:\/\/api.w.org\/{rel}","templated":true}]}}