{"id":943,"date":"2025-10-02T13:30:52","date_gmt":"2025-10-02T13:30:52","guid":{"rendered":"https:\/\/drmariabruce.com\/?post_type=product&#038;p=943"},"modified":"2025-12-03T19:03:49","modified_gmt":"2025-12-03T19:03:49","slug":"videos-modules-bundles","status":"publish","type":"product","link":"https:\/\/drmariabruce.com\/es\/producto\/videos-modules-bundles\/","title":{"rendered":"V\u00eddeos M\u00f3dulos Paquetes"},"content":{"rendered":"<p data-start=\"678\" data-end=\"772\"><strong data-start=\"678\" data-end=\"746\">Libro de ejercicios en v\u00eddeo para padres y entrenadores de f\u00fatbol - Paquete de m\u00f3dulos 1-3<\/strong><br data-start=\"746\" data-end=\"749\" \/>Por la Dra. Maria C. Bruce<\/p>\n<p data-start=\"774\" data-end=\"1131\">Transforme su forma de apoyar a los j\u00f3venes deportistas con esta potente serie de v\u00eddeos educativos. En este paquete de 3 m\u00f3dulos, el psic\u00f3logo deportivo y entrenador de rendimiento <strong data-start=\"944\" data-end=\"966\">Dra. Maria C. Bruce<\/strong> ofrece orientaci\u00f3n con base cient\u00edfica y ejemplos de la vida real para ayudar a padres y entrenadores a reforzar la inteligencia emocional, la comunicaci\u00f3n y la mentalidad en los banquillos.<\/p>\n<h4 data-start=\"1133\" data-end=\"1158\"><strong data-start=\"1141\" data-end=\"1158\">Contenido<\/strong><\/h4>\n<p data-start=\"1159\" data-end=\"1392\"><strong data-start=\"1159\" data-end=\"1223\">M\u00f3dulo 1 - Gesti\u00f3n de las expectativas y las emociones al margen de los partidos<\/strong><br data-start=\"1223\" data-end=\"1226\" \/>Aprenda a mantener los pies en la tierra durante los partidos, a comprender la psicolog\u00eda que subyace a sus desencadenantes emocionales y a modelar la compostura para ayudar a los j\u00f3venes deportistas a prosperar bajo presi\u00f3n.<\/p>\n<p data-start=\"1394\" data-end=\"1637\"><strong data-start=\"1394\" data-end=\"1451\">M\u00f3dulo 2 - Ense\u00f1ar resiliencia a trav\u00e9s de la mentalidad de crecimiento<\/strong><br data-start=\"1451\" data-end=\"1454\" \/>Descubra c\u00f3mo sus palabras moldean la voz interior de su hijo. Desarrolle estrategias para transformar los errores en momentos de aprendizaje y construya una confianza inquebrantable a trav\u00e9s de la retroalimentaci\u00f3n basada en el esfuerzo.<\/p>\n<p data-start=\"1639\" data-end=\"1871\"><strong data-start=\"1639\" data-end=\"1695\">M\u00f3dulo 3 - Uso de la visualizaci\u00f3n para padres y entrenadores<\/strong><br data-start=\"1695\" data-end=\"1698\" \/>Domine las t\u00e9cnicas de ensayo mental utilizadas por los deportistas de \u00e9lite -adaptadas para padres y entrenadores- para mantener la concentraci\u00f3n en calma, regular las emociones y apoyar el desarrollo de su jugador.<\/p>\n<h4 data-start=\"1873\" data-end=\"1893\"><strong data-start=\"1881\" data-end=\"1893\">Incluye<\/strong><\/h4>\n<ul data-start=\"1894\" data-end=\"2116\">\n<li data-start=\"1894\" data-end=\"1955\">\n<p data-start=\"1896\" data-end=\"1955\">Guiones de v\u00eddeo ampliados con conocimientos psicol\u00f3gicos m\u00e1s profundos<\/p>\n<\/li>\n<li data-start=\"1956\" data-end=\"1996\">\n<p data-start=\"1958\" data-end=\"1996\">Escenarios reales y casos pr\u00e1cticos<\/p>\n<\/li>\n<li data-start=\"1997\" data-end=\"2052\">\n<p data-start=\"1999\" data-end=\"2052\">Diario de reflexi\u00f3n y ejercicios de mentalidad<\/p>\n<\/li>\n<li data-start=\"2053\" data-end=\"2116\">\n<p data-start=\"2055\" data-end=\"2116\">Herramientas pr\u00e1cticas para gestionar el estr\u00e9s y la comunicaci\u00f3n en la l\u00ednea de banda<\/p>\n<\/li>\n<\/ul>\n<h4 data-start=\"2118\" data-end=\"2141\"><strong data-start=\"2126\" data-end=\"2141\">Perfecto para<\/strong><\/h4>\n<ul data-start=\"2142\" data-end=\"2372\">\n<li data-start=\"2142\" data-end=\"2210\">\n<p data-start=\"2144\" data-end=\"2210\">Padres y entrenadores de f\u00fatbol que buscan una comunicaci\u00f3n tranquila y eficaz<\/p>\n<\/li>\n<li data-start=\"2211\" data-end=\"2288\">\n<p data-start=\"2213\" data-end=\"2288\">Academias deportivas y programas juveniles que buscan educar al personal y a las familias<\/p>\n<\/li>\n<li data-start=\"2289\" data-end=\"2372\">\n<p data-start=\"2291\" data-end=\"2372\">Cualquiera que desee fomentar la capacidad de recuperaci\u00f3n, la confianza y la diversi\u00f3n en los deportes juveniles.<\/p>\n<\/li>\n<\/ul>\n<h4 data-start=\"2374\" data-end=\"2398\"><strong data-start=\"2382\" data-end=\"2398\">Por qu\u00e9 funciona<\/strong><\/h4>\n<p data-start=\"2399\" data-end=\"2589\">Basados en la neurociencia y la psicolog\u00eda del rendimiento, estos m\u00f3dulos le ayudar\u00e1n a comprender <em data-start=\"2486\" data-end=\"2491\">por qu\u00e9<\/em> las emociones aumentan durante los partidos, y ense\u00f1an <em data-start=\"2529\" data-end=\"2534\">c\u00f3mo<\/em> canalizarlos hacia un apoyo positivo y constructivo.<\/p>","protected":false},"excerpt":{"rendered":"<p>Empower your coaching and parenting approach with this 3-part video workbook bundle by Dr. Maria C. Bruce. Each module blends psychology-based insights with practical tools to help parents and coaches manage emotions, teach resilience, and model calm confidence on and off the field.<\/p>","protected":false},"featured_media":2312,"comment_status":"open","ping_status":"closed","template":"","meta":[],"product_brand":[],"product_cat":[30,430,29],"product_tag":[81,84,75,79,77,73,71,86,80,85,70,83,78,72,67,82,66,74,69,76,68],"class_list":{"0":"post-943","1":"product","2":"type-product","3":"status-publish","4":"has-post-thumbnail","6":"product_cat-bundles","7":"product_cat-featured-eng","8":"product_cat-videos","9":"product_tag-athlete-development","10":"product_tag-coach-workbook","11":"product_tag-coaching-education","12":"product_tag-dr-maria-bruce","13":"product_tag-emotional-intelligence","14":"product_tag-emotional-regulation","15":"product_tag-growth-mindset","16":"product_tag-mental-skills-for-coaches","17":"product_tag-mental-training","18":"product_tag-mindset-for-parents","19":"product_tag-mindset-training","20":"product_tag-parent-workbook","21":"product_tag-performance-psychology","22":"product_tag-resilience","23":"product_tag-soccer-coaches","24":"product_tag-soccer-education","25":"product_tag-soccer-parents","26":"product_tag-sports-parenting","27":"product_tag-sports-psychology","28":"product_tag-visualization","29":"product_tag-youth-sports","31":"first","32":"instock","33":"shipping-taxable","34":"purchasable","35":"product-type-variable"},"yoast_head":"<!-- This site is optimized with the Yoast SEO plugin v27.4 - https:\/\/yoast.com\/product\/yoast-seo-wordpress\/ -->\n<title>Video bundles | Practical tools for parents, coaches, and athletes<\/title>\n<meta name=\"description\" content=\"Video bundles with tools for parents, coaches, and young athletes focused on communication, emotional regulation, and managing pressure constructively.\" \/>\n<meta name=\"robots\" content=\"index, follow, max-snippet:-1, max-image-preview:large, max-video-preview:-1\" \/>\n<link rel=\"canonical\" href=\"https:\/\/drmariabruce.com\/es\/producto\/videos-modules-bundles\/\" \/>\n<meta property=\"og:locale\" content=\"es_ES\" \/>\n<meta property=\"og:type\" content=\"article\" \/>\n<meta property=\"og:title\" content=\"Video bundles | Practical tools for parents, coaches, and athletes\" \/>\n<meta property=\"og:description\" content=\"Video bundles with tools for parents, coaches, and young athletes focused on communication, emotional regulation, and managing pressure constructively.\" \/>\n<meta property=\"og:url\" content=\"https:\/\/drmariabruce.com\/es\/producto\/videos-modules-bundles\/\" \/>\n<meta property=\"og:site_name\" content=\"Dr. MARIA BRUCE\" \/>\n<meta property=\"article:modified_time\" content=\"2025-12-03T19:03:49+00:00\" \/>\n<meta property=\"og:image\" content=\"https:\/\/drmariabruce.com\/wp-content\/uploads\/2025\/10\/bundle-video-icons.webp\" \/>\n\t<meta property=\"og:image:width\" content=\"1024\" \/>\n\t<meta property=\"og:image:height\" content=\"1024\" \/>\n\t<meta property=\"og:image:type\" content=\"image\/webp\" \/>\n<meta name=\"twitter:card\" content=\"summary_large_image\" \/>\n<meta name=\"twitter:label1\" content=\"Tiempo de lectura\" \/>\n\t<meta name=\"twitter:data1\" content=\"2 minutos\" \/>\n<script type=\"application\/ld+json\" class=\"yoast-schema-graph\">{\"@context\":\"https:\\\/\\\/schema.org\",\"@graph\":[{\"@type\":\"WebPage\",\"@id\":\"https:\\\/\\\/drmariabruce.com\\\/product\\\/videos-modules-bundles\\\/\",\"url\":\"https:\\\/\\\/drmariabruce.com\\\/product\\\/videos-modules-bundles\\\/\",\"name\":\"Video bundles | Practical tools for parents, coaches, and athletes\",\"isPartOf\":{\"@id\":\"https:\\\/\\\/drmariabruce.com\\\/#website\"},\"primaryImageOfPage\":{\"@id\":\"https:\\\/\\\/drmariabruce.com\\\/product\\\/videos-modules-bundles\\\/#primaryimage\"},\"image\":{\"@id\":\"https:\\\/\\\/drmariabruce.com\\\/product\\\/videos-modules-bundles\\\/#primaryimage\"},\"thumbnailUrl\":\"https:\\\/\\\/drmariabruce.com\\\/wp-content\\\/uploads\\\/2025\\\/10\\\/bundle-video-icons.webp\",\"datePublished\":\"2025-10-02T13:30:52+00:00\",\"dateModified\":\"2025-12-03T19:03:49+00:00\",\"description\":\"Video bundles with tools for parents, coaches, and young athletes focused on communication, emotional regulation, and managing pressure constructively.\",\"breadcrumb\":{\"@id\":\"https:\\\/\\\/drmariabruce.com\\\/product\\\/videos-modules-bundles\\\/#breadcrumb\"},\"inLanguage\":\"es\",\"potentialAction\":[{\"@type\":\"ReadAction\",\"target\":[\"https:\\\/\\\/drmariabruce.com\\\/product\\\/videos-modules-bundles\\\/\"]}]},{\"@type\":\"ImageObject\",\"inLanguage\":\"es\",\"@id\":\"https:\\\/\\\/drmariabruce.com\\\/product\\\/videos-modules-bundles\\\/#primaryimage\",\"url\":\"https:\\\/\\\/drmariabruce.com\\\/wp-content\\\/uploads\\\/2025\\\/10\\\/bundle-video-icons.webp\",\"contentUrl\":\"https:\\\/\\\/drmariabruce.com\\\/wp-content\\\/uploads\\\/2025\\\/10\\\/bundle-video-icons.webp\",\"width\":1024,\"height\":1024},{\"@type\":\"BreadcrumbList\",\"@id\":\"https:\\\/\\\/drmariabruce.com\\\/product\\\/videos-modules-bundles\\\/#breadcrumb\",\"itemListElement\":[{\"@type\":\"ListItem\",\"position\":1,\"name\":\"Home\",\"item\":\"https:\\\/\\\/drmariabruce.com\\\/\"},{\"@type\":\"ListItem\",\"position\":2,\"name\":\"Shop\",\"item\":\"https:\\\/\\\/drmariabruce.com\\\/shop\\\/\"},{\"@type\":\"ListItem\",\"position\":3,\"name\":\"Videos Modules Bundles\"}]},{\"@type\":\"WebSite\",\"@id\":\"https:\\\/\\\/drmariabruce.com\\\/#website\",\"url\":\"https:\\\/\\\/drmariabruce.com\\\/\",\"name\":\"Dr. MARIA BRUCE\",\"description\":\"\",\"publisher\":{\"@id\":\"https:\\\/\\\/drmariabruce.com\\\/#organization\"},\"potentialAction\":[{\"@type\":\"SearchAction\",\"target\":{\"@type\":\"EntryPoint\",\"urlTemplate\":\"https:\\\/\\\/drmariabruce.com\\\/?s={search_term_string}\"},\"query-input\":{\"@type\":\"PropertyValueSpecification\",\"valueRequired\":true,\"valueName\":\"search_term_string\"}}],\"inLanguage\":\"es\"},{\"@type\":\"Organization\",\"@id\":\"https:\\\/\\\/drmariabruce.com\\\/#organization\",\"name\":\"Dr. MARIA BRUCE\",\"url\":\"https:\\\/\\\/drmariabruce.com\\\/\",\"logo\":{\"@type\":\"ImageObject\",\"inLanguage\":\"es\",\"@id\":\"https:\\\/\\\/drmariabruce.com\\\/#\\\/schema\\\/logo\\\/image\\\/\",\"url\":\"https:\\\/\\\/drmariabruce.com\\\/wp-content\\\/uploads\\\/2025\\\/09\\\/MariaBruce.svg\",\"contentUrl\":\"https:\\\/\\\/drmariabruce.com\\\/wp-content\\\/uploads\\\/2025\\\/09\\\/MariaBruce.svg\",\"width\":106,\"height\":17,\"caption\":\"Dr. MARIA BRUCE\"},\"image\":{\"@id\":\"https:\\\/\\\/drmariabruce.com\\\/#\\\/schema\\\/logo\\\/image\\\/\"}}]}<\/script>\n<!-- \/ Yoast SEO plugin. -->","yoast_head_json":{"title":"Video bundles | Practical tools for parents, coaches, and athletes","description":"Video bundles with tools for parents, coaches, and young athletes focused on communication, emotional regulation, and managing pressure constructively.","robots":{"index":"index","follow":"follow","max-snippet":"max-snippet:-1","max-image-preview":"max-image-preview:large","max-video-preview":"max-video-preview:-1"},"canonical":"https:\/\/drmariabruce.com\/es\/producto\/videos-modules-bundles\/","og_locale":"es_ES","og_type":"article","og_title":"Video bundles | Practical tools for parents, coaches, and athletes","og_description":"Video bundles with tools for parents, coaches, and young athletes focused on communication, emotional regulation, and managing pressure constructively.","og_url":"https:\/\/drmariabruce.com\/es\/producto\/videos-modules-bundles\/","og_site_name":"Dr. MARIA BRUCE","article_modified_time":"2025-12-03T19:03:49+00:00","og_image":[{"width":1024,"height":1024,"url":"https:\/\/drmariabruce.com\/wp-content\/uploads\/2025\/10\/bundle-video-icons.webp","type":"image\/webp"}],"twitter_card":"summary_large_image","twitter_misc":{"Tiempo de lectura":"2 minutos"},"schema":{"@context":"https:\/\/schema.org","@graph":[{"@type":"WebPage","@id":"https:\/\/drmariabruce.com\/product\/videos-modules-bundles\/","url":"https:\/\/drmariabruce.com\/product\/videos-modules-bundles\/","name":"Video bundles | Practical tools for parents, coaches, and athletes","isPartOf":{"@id":"https:\/\/drmariabruce.com\/#website"},"primaryImageOfPage":{"@id":"https:\/\/drmariabruce.com\/product\/videos-modules-bundles\/#primaryimage"},"image":{"@id":"https:\/\/drmariabruce.com\/product\/videos-modules-bundles\/#primaryimage"},"thumbnailUrl":"https:\/\/drmariabruce.com\/wp-content\/uploads\/2025\/10\/bundle-video-icons.webp","datePublished":"2025-10-02T13:30:52+00:00","dateModified":"2025-12-03T19:03:49+00:00","description":"Video bundles with tools for parents, coaches, and young athletes focused on communication, emotional regulation, and managing pressure constructively.","breadcrumb":{"@id":"https:\/\/drmariabruce.com\/product\/videos-modules-bundles\/#breadcrumb"},"inLanguage":"es","potentialAction":[{"@type":"ReadAction","target":["https:\/\/drmariabruce.com\/product\/videos-modules-bundles\/"]}]},{"@type":"ImageObject","inLanguage":"es","@id":"https:\/\/drmariabruce.com\/product\/videos-modules-bundles\/#primaryimage","url":"https:\/\/drmariabruce.com\/wp-content\/uploads\/2025\/10\/bundle-video-icons.webp","contentUrl":"https:\/\/drmariabruce.com\/wp-content\/uploads\/2025\/10\/bundle-video-icons.webp","width":1024,"height":1024},{"@type":"BreadcrumbList","@id":"https:\/\/drmariabruce.com\/product\/videos-modules-bundles\/#breadcrumb","itemListElement":[{"@type":"ListItem","position":1,"name":"Home","item":"https:\/\/drmariabruce.com\/"},{"@type":"ListItem","position":2,"name":"Shop","item":"https:\/\/drmariabruce.com\/shop\/"},{"@type":"ListItem","position":3,"name":"Videos Modules Bundles"}]},{"@type":"WebSite","@id":"https:\/\/drmariabruce.com\/#website","url":"https:\/\/drmariabruce.com\/","name":"Dra. MARIA BRUCE","description":"","publisher":{"@id":"https:\/\/drmariabruce.com\/#organization"},"potentialAction":[{"@type":"SearchAction","target":{"@type":"EntryPoint","urlTemplate":"https:\/\/drmariabruce.com\/?s={search_term_string}"},"query-input":{"@type":"PropertyValueSpecification","valueRequired":true,"valueName":"search_term_string"}}],"inLanguage":"es"},{"@type":"Organization","@id":"https:\/\/drmariabruce.com\/#organization","name":"Dra. MARIA BRUCE","url":"https:\/\/drmariabruce.com\/","logo":{"@type":"ImageObject","inLanguage":"es","@id":"https:\/\/drmariabruce.com\/#\/schema\/logo\/image\/","url":"https:\/\/drmariabruce.com\/wp-content\/uploads\/2025\/09\/MariaBruce.svg","contentUrl":"https:\/\/drmariabruce.com\/wp-content\/uploads\/2025\/09\/MariaBruce.svg","width":106,"height":17,"caption":"Dr. MARIA BRUCE"},"image":{"@id":"https:\/\/drmariabruce.com\/#\/schema\/logo\/image\/"}}]}},"_links":{"self":[{"href":"https:\/\/drmariabruce.com\/es\/wp-json\/wp\/v2\/product\/943","targetHints":{"allow":["GET"]}}],"collection":[{"href":"https:\/\/drmariabruce.com\/es\/wp-json\/wp\/v2\/product"}],"about":[{"href":"https:\/\/drmariabruce.com\/es\/wp-json\/wp\/v2\/types\/product"}],"replies":[{"embeddable":true,"href":"https:\/\/drmariabruce.com\/es\/wp-json\/wp\/v2\/comments?post=943"}],"wp:featuredmedia":[{"embeddable":true,"href":"https:\/\/drmariabruce.com\/es\/wp-json\/wp\/v2\/media\/2312"}],"wp:attachment":[{"href":"https:\/\/drmariabruce.com\/es\/wp-json\/wp\/v2\/media?parent=943"}],"wp:term":[{"taxonomy":"product_brand","embeddable":true,"href":"https:\/\/drmariabruce.com\/es\/wp-json\/wp\/v2\/product_brand?post=943"},{"taxonomy":"product_cat","embeddable":true,"href":"https:\/\/drmariabruce.com\/es\/wp-json\/wp\/v2\/product_cat?post=943"},{"taxonomy":"product_tag","embeddable":true,"href":"https:\/\/drmariabruce.com\/es\/wp-json\/wp\/v2\/product_tag?post=943"}],"curies":[{"name":"wp","href":"https:\/\/api.w.org\/{rel}","templated":true}]}}